{"id":103,"date":"2022-04-07T18:28:16","date_gmt":"2022-04-07T23:28:16","guid":{"rendered":"http:\/\/taf.tecazuay.edu.ec\/?page_id=103"},"modified":"2022-07-18T10:40:15","modified_gmt":"2022-07-18T15:40:15","slug":"la-formacion-dual","status":"publish","type":"page","link":"https:\/\/taf.tecazuay.edu.ec\/?page_id=103","title":{"rendered":"La formaci\u00f3n dual"},"content":{"rendered":"<p>[vc_row full_width=\u00bbstretch_row_content_no_spaces\u00bb css=\u00bb.vc_custom_1651251887513{background-image: url(https:\/\/taf.tecazuay.edu.ec\/wp-content\/uploads\/2022\/04\/DUAL-INFORMACIONGENERAL.jpg?id=501) !important;background-position: center !important;background-repeat: no-repeat !important;background-size: cover !important;}\u00bb el_class=\u00bbbg-inter-page d-none-mobile\u00bb][vc_column][vc_empty_space height=\u00bb600px\u00bb][\/vc_column][\/vc_row][vc_row full_width=\u00bbstretch_row_content_no_spaces\u00bb css=\u00bb.vc_custom_1650492681009{background-position: center !important;background-repeat: no-repeat !important;background-size: cover !important;}\u00bb el_class=\u00bbbg-inter-page d-none-desktop\u00bb][vc_column][vc_raw_html]JTNDaW1nJTIwY2xhc3MlM0QlMjJhbGlnbm5vbmUlMjBzaXplLWZ1bGwlMjBwYXJhbGxheC1pbWclMjIlMjBzdHlsZSUzRCUyMndpZHRoJTNBJTIwMTAwJTI1JTNCJTIyJTIwc3JjJTNEJTIyaHR0cHMlM0ElMkYlMkZ0YWZmb3JtYWNpb25kdWFsLm9yZyUyRndwLWNvbnRlbnQlMkZ1cGxvYWRzJTJGMjAyMiUyRjA0JTJGRFVBTC1JTkZPUk1BQ0lPTkdFTkVSQUwuanBnJTIyJTIwJTJGJTNF[\/vc_raw_html][\/vc_column][\/vc_row][vc_row el_class=\u00bbcontent-80&#8243;][vc_column][vc_empty_space height=\u00bb120px\u00bb el_class=\u00bbvc_empty_space-40&#8243;][vc_row_inner gap=\u00bb30&#8243;][vc_column_inner width=\u00bb1\/4&#8243;][vc_column_text]<\/p>\n<p class=\"font-bold p-44\" style=\"text-align: left; margin-bottom: 1em;\">La formaci\u00f3n dual<\/p>\n<ul class=\"arrow-right border-top\">\n<li><a class=\"color-light-grey font-bold p-26 active\" href=\"https:\/\/taf.tecazuay.edu.ec\/?page_id=103\">Informaci\u00f3n general<\/a><\/li>\n<li><a class=\"color-light-grey font-bold p-26 \" href=\"https:\/\/taf.tecazuay.edu.ec\/?page_id=105\">Beneficios<\/a><\/li>\n<li><a class=\"color-light-grey font-bold p-26 \" href=\"https:\/\/taf.tecazuay.edu.ec\/?page_id=107\">Convenio de cooperaci\u00f3n<\/a><\/li>\n<li><a class=\"color-light-grey font-bold p-26 \" href=\"https:\/\/taf.tecazuay.edu.ec\/?page_id=109\">Documentos de inter\u00e9s<\/a><\/li>\n<\/ul>\n<p><a class=\"bg-dark-grey color-blank button-dark-grey\" href=\"https:\/\/taf.tecazuay.edu.ec\/wp-content\/uploads\/2022\/04\/TAF-2022.pdf\" download=\"\">Descargar prospecto<\/a>[\/vc_column_text][\/vc_column_inner][vc_column_inner width=\u00bb3\/4&#8243;][vc_column_text]<\/p>\n<p class=\"color-vine font-bold p-40\" style=\"text-align: left; margin-bottom: 0.8em;\">\u00bfQu\u00e9 es la formaci\u00f3n dual?<\/p>\n<p>La formaci\u00f3n dual naci\u00f3 en Alemania y es un sistema, que tiene como objetivo, formar talento humano calificado, con un perfil profesional espec\u00edfico para las empresas u organizaciones de sectores de bienes y servicios.<\/p>\n<p style=\"margin-bottom: calc(2em + 20px);\">Dual significa que un estudiante o aprendiz se forma de manera paralela e integral en una instituci\u00f3n acad\u00e9mica y a la vez en una empresa, o en el caso de esta carrera, en una instituci\u00f3n financiera formadora. Una vez terminada la formaci\u00f3n, los estudiantes tienen una alta probabilidad de ser contratados por sus instituciones financieras formadoras.<\/p>\n<p><img loading=\"lazy\" decoding=\"async\" class=\"aligncenter wp-image-468\" src=\"https:\/\/taf.tecazuay.edu.ec\/wp-content\/uploads\/2022\/04\/tabla-formacion-dual-300x121.png\" alt=\"\" width=\"800\" height=\"323\" srcset=\"https:\/\/taf.tecazuay.edu.ec\/wp-content\/uploads\/2022\/04\/tabla-formacion-dual-300x121.png 300w, https:\/\/taf.tecazuay.edu.ec\/wp-content\/uploads\/2022\/04\/tabla-formacion-dual-1024x414.png 1024w, https:\/\/taf.tecazuay.edu.ec\/wp-content\/uploads\/2022\/04\/tabla-formacion-dual-768x310.png 768w, https:\/\/taf.tecazuay.edu.ec\/wp-content\/uploads\/2022\/04\/tabla-formacion-dual.png 1242w\" sizes=\"auto, (max-width: 800px) 100vw, 800px\" \/>[\/vc_column_text][vc_column_text]<\/p>\n<p class=\"color-vine font-bold p-40\" style=\"text-align: left; margin-bottom: 0.8em;\">Certificaci\u00f3n alemana<\/p>\n<ul class=\"arrow-right\">\n<li>Los estudiantes son formados bajo la misma metodolog\u00eda de formaci\u00f3n dual que se realiza en Alemania, garantizando un profesional que cumple con est\u00e1ndares de calidad de formaci\u00f3n.<\/li>\n<li>El certificado es otorgado por la Federaci\u00f3n de C\u00e1maras Alemanas de Comercio e Industria (Deutscher Industrie- und Handelskammertag \u2013 DIHK).<\/li>\n<\/ul>\n<p>[\/vc_column_text][vc_empty_space][vc_column_text]<\/p>\n<div class=\"vc_row wpb_row vc_inner vc_row-fluid vc_column-gap-30 vc_row-o-equal-height vc_row-flex testimonio-taf\">\n<div class=\"wpb_column vc_column_container vc_col-sm-6 vc_col-has-fill\" style=\"background-size: cover; background-image: url('https:\/\/taf.tecazuay.edu.ec\/wp-content\/uploads\/2022\/04\/testimonio-de-la-formacion-dual-1.jpg');\"><\/div>\n<div class=\"paddign-block wpb_column vc_column_container vc_col-sm-6 vc_col-has-fill bg-light-grey\">\n<div>\n<p>\u201cEscog\u00ed esta carrera porque nos ofrece un gran beneficio como la f\u00e1cil inserci\u00f3n laboral ya que los estudiantes son capacitados a partir del primer ciclo.\u201d<\/p>\n<p><strong>Tatiana Quizpi<\/strong><\/p>\n<p>Estudiante 2da cohorte<br \/>\nCooperativa de Ahorro y Cr\u00e9dito CREA<\/p>\n<\/div>\n<\/div>\n<\/div>\n<p>[\/vc_column_text][\/vc_column_inner][\/vc_row_inner][\/vc_column][\/vc_row][vc_row full_width=\u00bbstretch_row_content_no_spaces\u00bb disable_element=\u00bbyes\u00bb][vc_column][vc_empty_space height=\u00bb50px\u00bb][vc_raw_html]JTNDZGl2JTIwY2xhc3MlM0QlMjJ2Y19yb3clMjB3cGJfcm93JTIwdmNfaW5uZXIlMjB2Y19yb3ctZmx1aWQlMjB2Y19jb2x1bW4tZ2FwLTMwJTIwdmNfcm93LW8tZXF1YWwtaGVpZ2h0JTIwdmNfcm93LWZsZXglMjBlc2NyaWJlbm9zLXRhZiUyMiUzRSUwQSUzQ2RpdiUyMGNsYXNzJTNEJTIycGFkZGlnbi1ibG9jayUyMHdwYl9jb2x1bW4lMjB2Y19jb2x1bW5fY29udGFpbmVyJTIwdmNfY29sLXNtLTEyJTIwdmNfY29sLWhhcy1maWxsJTIwYmctc2Vjb25kYXJ5JTIyJTNFJTBBJTNDZGl2JTNFJTBBJTNDcCUyMGNsYXNzJTNEJTIyZm9udC1ib2xkJTIwcC00MCUyMGNvbG9yLWJsYW5rJTIyJTIwc3R5bGUlM0QlMjJ0ZXh0LWFsaWduJTNBJTIwY2VudGVyJTNCJTIyJTNFJUMyJUExUG9zdHVsYSUyMGElMjBsYSUyMGV4Y2VsZW5jaWElMjElM0MlMkZwJTNFJTBBJTNDcCUyMGNsYXNzJTNEJTIycC0xOCUyMGNvbG9yLWJsYW5rJTIyJTIwc3R5bGUlM0QlMjJ0ZXh0LWFsaWduJTNBJTIwY2VudGVyJTNCJTIyJTNFU29saWNpdGElMjBtJUMzJUExcyUyMGluZm9ybWFjaSVDMyVCM24lM0MlMkZwJTNFJTBBJTNDYnIlM0UlMEElM0NwJTIwc3R5bGUlM0QlMjJ0ZXh0LWRlY29yYXRpb24lM0ElMjBub25lJTNCJTIwdGV4dC1hbGlnbiUzQSUyMGNlbnRlciUzQiUyMiUyMCUzRSUzQ2ElMjBjbGFzcyUzRCUyMmJ0biUyMGJ0bi1saWdodCUyMGJ0bi1sZyUyMGJ0bi13YXBwJTIyJTIwc3R5bGUlM0QlMjJ0ZXh0LWRlY29yYXRpb24lM0ElMjBub25lJTNCJTIwdGV4dC1hbGlnbiUzQSUyMGNlbnRlciUzQiUyMiUyMGhyZWYlM0QlMjJodHRwcyUzQSUyRiUyRndhLmxpbmslMkZ0YWYlMjIlM0UlM0NzcGFuJTIwY2xhc3MlM0QlMjJ2Y19pY29uX2VsZW1lbnQtaWNvbiUyMGZhYiUyMGZhLXdoYXRzYXBwJTIwY29sb3ItcHJpbWFyeSUyMiUzRSUzQyUyRnNwYW4lM0UlMjBFU0NSJUMzJThEQkVOT1MlQzIlQTAlM0MlMkZhJTNFJTNDJTJGcCUzRSUwQSUwQSUwQSUzQyUyRmRpdiUzRSUwQSUzQyUyRmRpdiUzRSUwQSUzQyUyRmRpdiUzRQ==[\/vc_raw_html][vc_icon icon_fontawesome=\u00bbfab fa-whatsapp\u00bb color=\u00bbwhite\u00bb el_class=\u00bbd-none\u00bb][\/vc_column][\/vc_row]<\/p>\n","protected":false},"excerpt":{"rendered":"<p>[vc_row full_width=\u00bbstretch_row_content_no_spaces\u00bb css=\u00bb.vc_custom_1651251887513{background-image: url(https:\/\/taf.tecazuay.edu.ec\/wp-content\/uploads\/2022\/04\/DUAL-INFORMACIONGENERAL.jpg?id=501) !important;background-position: center !important;background-repeat: no-repeat !important;background-size: cover !important;}\u00bb el_class=\u00bbbg-inter-page d-none-mobile\u00bb][vc_column][vc_empty_space height=\u00bb600px\u00bb][\/vc_column][\/vc_row][vc_row full_width=\u00bbstretch_row_content_no_spaces\u00bb css=\u00bb.vc_custom_1650492681009{background-position: center !important;background-repeat: no-repeat !important;background-size: cover !important;}\u00bb el_class=\u00bbbg-inter-page d-none-desktop\u00bb][vc_column][vc_raw_html]JTNDaW1nJTIwY2xhc3MlM0QlMjJhbGlnbm5vbmUlMjBzaXplLWZ1bGwlMjBwYXJhbGxheC1pbWclMjIlMjBzdHlsZSUzRCUyMndpZHRoJTNBJTIwMTAwJTI1JTNCJTIyJTIwc3JjJTNEJTIyaHR0cHMlM0ElMkYlMkZ0YWZmb3JtYWNpb25kdWFsLm9yZyUyRndwLWNvbnRlbnQlMkZ1cGxvYWRzJTJGMjAyMiUyRjA0JTJGRFVBTC1JTkZPUk1BQ0lPTkdFTkVSQUwuanBnJTIyJTIwJTJGJTNF[\/vc_raw_html][\/vc_column][\/vc_row][vc_row el_class=\u00bbcontent-80&#8243;][vc_column][vc_empty_space height=\u00bb120px\u00bb el_class=\u00bbvc_empty_space-40&#8243;][vc_row_inner gap=\u00bb30&#8243;][vc_column_inner width=\u00bb1\/4&#8243;][vc_column_text] La formaci\u00f3n dual Informaci\u00f3n general Beneficios Convenio de cooperaci\u00f3n Documentos de inter\u00e9s Descargar prospecto[\/vc_column_text][\/vc_column_inner][vc_column_inner width=\u00bb3\/4&#8243;][vc_column_text] \u00bfQu\u00e9 es la formaci\u00f3n dual? La formaci\u00f3n dual naci\u00f3 en Alemania &hellip;<\/p>\n<p class=\"read-more\"> <a class=\"\" href=\"https:\/\/taf.tecazuay.edu.ec\/?page_id=103\"> <span class=\"screen-reader-text\">La formaci\u00f3n dual<\/span> Leer m\u00e1s &raquo;<\/a><\/p>\n","protected":false},"author":1,"featured_media":0,"parent":0,"menu_order":0,"comment_status":"closed","ping_status":"closed","template":"","meta":{"site-sidebar-layout":"no-sidebar","site-content-layout":"page-builder","ast-main-header-display":"","ast-hfb-above-header-display":"","ast-hfb-below-header-display":"","ast-hfb-mobile-header-display":"","site-post-title":"disabled","ast-breadcrumbs-content":"disabled","ast-featured-img":"disabled","footer-sml-layout":"","theme-transparent-header-meta":"default","adv-header-id-meta":"","stick-header-meta":"","header-above-stick-meta":"","header-main-stick-meta":"","header-below-stick-meta":"","footnotes":""},"class_list":["post-103","page","type-page","status-publish","hentry"],"_links":{"self":[{"href":"https:\/\/taf.tecazuay.edu.ec\/index.php?rest_route=\/wp\/v2\/pages\/103","targetHints":{"allow":["GET"]}}],"collection":[{"href":"https:\/\/taf.tecazuay.edu.ec\/index.php?rest_route=\/wp\/v2\/pages"}],"about":[{"href":"https:\/\/taf.tecazuay.edu.ec\/index.php?rest_route=\/wp\/v2\/types\/page"}],"author":[{"embeddable":true,"href":"https:\/\/taf.tecazuay.edu.ec\/index.php?rest_route=\/wp\/v2\/users\/1"}],"replies":[{"embeddable":true,"href":"https:\/\/taf.tecazuay.edu.ec\/index.php?rest_route=%2Fwp%2Fv2%2Fcomments&post=103"}],"version-history":[{"count":31,"href":"https:\/\/taf.tecazuay.edu.ec\/index.php?rest_route=\/wp\/v2\/pages\/103\/revisions"}],"predecessor-version":[{"id":627,"href":"https:\/\/taf.tecazuay.edu.ec\/index.php?rest_route=\/wp\/v2\/pages\/103\/revisions\/627"}],"wp:attachment":[{"href":"https:\/\/taf.tecazuay.edu.ec\/index.php?rest_route=%2Fwp%2Fv2%2Fmedia&parent=103"}],"curies":[{"name":"wp","href":"https:\/\/api.w.org\/{rel}","templated":true}]}}