{"id":105,"date":"2022-04-07T18:29:18","date_gmt":"2022-04-07T23:29:18","guid":{"rendered":"http:\/\/taf.tecazuay.edu.ec\/?page_id=105"},"modified":"2022-07-18T10:40:52","modified_gmt":"2022-07-18T15:40:52","slug":"beneficios","status":"publish","type":"page","link":"https:\/\/taf.tecazuay.edu.ec\/?page_id=105","title":{"rendered":"Beneficios"},"content":{"rendered":"<p>[vc_row full_width=\u00bbstretch_row_content_no_spaces\u00bb css=\u00bb.vc_custom_1651252047879{background-image: url(https:\/\/taf.tecazuay.edu.ec\/wp-content\/uploads\/2022\/04\/DUAL-BENEFICIOS.jpg?id=503) !important;background-position: center !important;background-repeat: no-repeat !important;background-size: cover !important;}\u00bb el_class=\u00bbbg-inter-page d-none-mobile\u00bb][vc_column][vc_empty_space height=\u00bb600px\u00bb][\/vc_column][\/vc_row][vc_row full_width=\u00bbstretch_row_content_no_spaces\u00bb css=\u00bb.vc_custom_1650492877663{background-position: center !important;background-repeat: no-repeat !important;background-size: cover !important;}\u00bb el_class=\u00bbbg-inter-page d-none-desktop\u00bb][vc_column][vc_raw_html]JTNDaW1nJTIwY2xhc3MlM0QlMjJhbGlnbm5vbmUlMjBzaXplLWZ1bGwlMjBwYXJhbGxheC1pbWclMjIlMjBzdHlsZSUzRCUyMndpZHRoJTNBJTIwMTAwJTI1JTNCJTIyJTIwc3JjJTNEJTIyaHR0cHMlM0ElMkYlMkZ0YWZmb3JtYWNpb25kdWFsLm9yZyUyRndwLWNvbnRlbnQlMkZ1cGxvYWRzJTJGMjAyMiUyRjA0JTJGRFVBTC1CRU5FRklDSU9TLmpwZyUyMiUyMCUyRiUzRQ==[\/vc_raw_html][\/vc_column][\/vc_row][vc_row el_class=\u00bbcontent-80&#8243;][vc_column][vc_empty_space height=\u00bb120px\u00bb el_class=\u00bbvc_empty_space-40&#8243;][vc_row_inner gap=\u00bb30&#8243;][vc_column_inner width=\u00bb1\/4&#8243;][vc_column_text]<\/p>\n<p class=\"font-bold p-44\" style=\"text-align: left; margin-bottom: 1em;\">La formaci\u00f3n dual<\/p>\n<ul class=\"arrow-right border-top\">\n<li><a class=\"color-light-grey font-bold p-26\" href=\"https:\/\/taf.tecazuay.edu.ec\/?page_id=103\">Informaci\u00f3n general<\/a><\/li>\n<li><a class=\"color-light-grey font-bold p-26 active\" href=\"https:\/\/taf.tecazuay.edu.ec\/?page_id=105\">Beneficios<\/a><\/li>\n<li><a class=\"color-light-grey font-bold p-26 \" href=\"https:\/\/taf.tecazuay.edu.ec\/?page_id=107\">Convenio de cooperaci\u00f3n<\/a><\/li>\n<li><a class=\"color-light-grey font-bold p-26 \" href=\"https:\/\/taf.tecazuay.edu.ec\/?page_id=109\">Documentos de inter\u00e9s<\/a><\/li>\n<\/ul>\n<p><a class=\"bg-dark-grey color-blank button-dark-grey\" href=\"https:\/\/taf.tecazuay.edu.ec\/wp-content\/uploads\/2022\/04\/TAF-2022.pdf\" download=\"\">Descargar prospecto<\/a>[\/vc_column_text][\/vc_column_inner][vc_column_inner width=\u00bb3\/4&#8243;][vc_column_text el_class=\u00bbd-none\u00bb]<\/p>\n<p class=\"color-vine font-bold p-40\" style=\"text-align: left; margin-bottom: 0.8em;\">Beneficios de la formaci\u00f3n dual<\/p>\n<p>Uno de los beneficios y objetivos de la formaci\u00f3n dual es disminuir el desempleo, como muestra est\u00e1 el programa de Asesor T\u00e9cnico Financiero bajo formaci\u00f3n dual que funciona en El Salvador y es impulsado por la Sparkassenstiftung; en este programa, el 100% de los estudiantes fueron contratados por sus instituciones financieras formadoras. Analizando una experiencia en Ecuador, se puede mencionar que todos los estudiantes de los programas de Mec\u00e1nica y Electricidad, bajo formaci\u00f3n dual, impulsados por la C\u00e1mara de Industrias y Comercio Ecuatoriano-Alemana y la C\u00e1mara de Industrias, Producci\u00f3n y Empleo, fueron contratados por sus empresas formadores inclusive antes de su graduaci\u00f3n. (AHK, 2018)<\/p>\n<p>El Ministerio Coordinador de Conocimiento y Talento Humano, seg\u00fan la publicaci\u00f3n de \u201cLa formaci\u00f3n dual es un valor extra en j\u00f3venes\u201d de la Revista L\u00edderes publicado en 2017, menciona que \u201cla educaci\u00f3n dual permite la profesionalizaci\u00f3n y se convierte en una alternativa para acceder a ingresos. En Ecuador se contaron durante el primer trimestre del a\u00f1o 355 414 desempleados. De ellos 127 502 eran j\u00f3venes de entre 15 y 24 a\u00f1os, quienes representan el grupo de edad con m\u00e1s falta de trabajo\u201d.[\/vc_column_text][vc_column_text]<\/p>\n<p class=\"color-vine font-bold p-32\" style=\"text-align: left; margin-bottom: 0.8em;\">Instituci\u00f3n financiera formadora<\/p>\n<ul class=\"arrow-right\">\n<li>Formar\u00e1n a sus futuros asesores financieros, a medida de las necesidades institucionales.<\/li>\n<li>Contar\u00e1n con talento humano calificado.<\/li>\n<li>Minimizar\u00e1n los costos de contrataci\u00f3n err\u00f3nea y sus costos derivados.<\/li>\n<li>Contribuir\u00e1n en funci\u00f3n de su rol social con la comunidad, ofreciendo una oportunidad laboral con formaci\u00f3n de calidad para los j\u00f3venes y una posibilidad de capacitaci\u00f3n para su personal con inter\u00e9s de desarrollarse profesionalmente.<\/li>\n<li>Generar\u00e1n ahorros en el costo de capacitaciones espec\u00edficas requeridas.<\/li>\n<li>Generar\u00e1n mayor eficiencia con capital humano calificado que permita incrementar la productividad y reducir costos.<\/li>\n<li>Reducir\u00e1n la rotaci\u00f3n de personal gracias a una mayor fidelidad de los empleados capacitados.<\/li>\n<li>Generar\u00e1n ventajas competitivas sostenibles y una cultura de excelencia en Ia instituci\u00f3n.<\/li>\n<li>La instituci\u00f3n financiera conoce y forma las competencias de su futuro talento humano.<\/li>\n<li>Malla ajustada a la realidad financiera de Ecuador.<\/li>\n<\/ul>\n<p>Certificaci\u00f3n alemana: Garantiza los est\u00e1ndares de calidad de la formaci\u00f3n de los futuros asesores financieros.<\/p>\n<p>Los tutores empresariales reciben un curso de Formaci\u00f3n de Formadores AdA Internacional (Ausbilder der Ausbildung) que desarrolla las habilidades y competencias para transmitir conocimientos aplicando una metodolog\u00eda alemana.<\/p>\n<p>Tendr\u00e1n la gu\u00eda y el asesoramiento de la C\u00e1mara Ecuatoriano \u2013 Alemana y de la Sparkassenstiftung.[\/vc_column_text][vc_column_text]<\/p>\n<p class=\"color-vine font-bold p-32\" style=\"text-align: left; margin-bottom: 0.8em;\">Estudiantes<\/p>\n<p>Obtendr\u00e1n una formaci\u00f3n pr\u00e1ctica de al menos el 50% del total de su carrera, se involucrar\u00e1n a entornos financieros reales, en donde podr\u00e1n poner en pr\u00e1ctica sus conocimientos te\u00f3ricos y desarrollar sus soft skills como trabajo en equipo, atenci\u00f3n al cliente, organizaci\u00f3n de trabajo, comunicaci\u00f3n efectiva, entre otras.<\/p>\n<p>Al finalizar la formaci\u00f3n, el estudiante tendr\u00e1 la posibilidad de ser contratado por su instituci\u00f3n financiera formadora.<\/p>\n<p>Tendr\u00e1 la opci\u00f3n de rendir obtener un certificado otorgado por la C\u00e1mara de Comercio e Industrias Alemana (DIHK) en donde garantiza la calidad de la carrera.[\/vc_column_text][vc_column_text]<\/p>\n<p class=\"color-vine font-bold p-32\" style=\"text-align: left; margin-bottom: 0.8em;\">Instituci\u00f3n de educaci\u00f3n superior<\/p>\n<p>Mejoramiento de imagen, al ofrecer una carrera dual que se basa sobre un sistema alem\u00e1n que otorga a sus estudiantes un certificado reconocido de este pa\u00eds.<\/p>\n<p>Inicialmente, recibir la asesor\u00eda y acompa\u00f1amiento por parte de la Sparkassenstiftung para poder crear e implementar la carrera dual.\u00a0 Adem\u00e1s, puede darse a conocer internacionalmente con otras universidades, instituciones financieras y dem\u00e1s sedes de la Sparkassenstiftung de Latinoam\u00e9rica y la posibilidad de hacer convenios interinstitucionales internacionales.<\/p>\n<p>Ampliar su oferta educativa, ofreciendo la primera carrera de este tipo en Ecuador. Ser\u00e1n un referente a nivel nacional.[\/vc_column_text][vc_empty_space][vc_column_text]<\/p>\n<div class=\"vc_row wpb_row vc_inner vc_row-fluid vc_column-gap-30 vc_row-o-equal-height vc_row-flex testimonio-taf\">\n<div class=\"wpb_column vc_column_container vc_col-sm-6 vc_col-has-fill\" style=\"background-size: cover; background-image: url('https:\/\/taf.tecazuay.edu.ec\/wp-content\/uploads\/2022\/04\/testimonio-de-la-formacion-dual-2.jpg');\"><\/div>\n<div class=\"paddign-block wpb_column vc_column_container vc_col-sm-6 vc_col-has-fill bg-light-grey\">\n<div>\n<p>\u201cRecomiendo mucho a j\u00f3venes que estudien esta carrera, es muy pr\u00e1ctica y corta.<\/p>\n<p>Aprendes en el \u00e1mbito laboral: la parte te\u00f3rica, la parte pr\u00e1ctica, y conoces personas que te van a abrir muchas puertas. Conoces lo que es un trabajo, lo que es un esfuerzo.\u201d<\/p>\n<p><strong>Kevin Aguayza<\/strong><\/p>\n<p>Estudiante 2da cohorte<br \/>\nCooperativa de Ahorro y Cr\u00e9dito Educadores del Azuay<\/p>\n<\/div>\n<\/div>\n<\/div>\n<p>[\/vc_column_text][\/vc_column_inner][\/vc_row_inner][\/vc_column][\/vc_row]<\/p>\n","protected":false},"excerpt":{"rendered":"<p>[vc_row full_width=\u00bbstretch_row_content_no_spaces\u00bb css=\u00bb.vc_custom_1651252047879{background-image: url(https:\/\/taf.tecazuay.edu.ec\/wp-content\/uploads\/2022\/04\/DUAL-BENEFICIOS.jpg?id=503) !important;background-position: center !important;background-repeat: no-repeat !important;background-size: cover !important;}\u00bb el_class=\u00bbbg-inter-page d-none-mobile\u00bb][vc_column][vc_empty_space height=\u00bb600px\u00bb][\/vc_column][\/vc_row][vc_row full_width=\u00bbstretch_row_content_no_spaces\u00bb css=\u00bb.vc_custom_1650492877663{background-position: center !important;background-repeat: no-repeat !important;background-size: cover !important;}\u00bb el_class=\u00bbbg-inter-page d-none-desktop\u00bb][vc_column][vc_raw_html]JTNDaW1nJTIwY2xhc3MlM0QlMjJhbGlnbm5vbmUlMjBzaXplLWZ1bGwlMjBwYXJhbGxheC1pbWclMjIlMjBzdHlsZSUzRCUyMndpZHRoJTNBJTIwMTAwJTI1JTNCJTIyJTIwc3JjJTNEJTIyaHR0cHMlM0ElMkYlMkZ0YWZmb3JtYWNpb25kdWFsLm9yZyUyRndwLWNvbnRlbnQlMkZ1cGxvYWRzJTJGMjAyMiUyRjA0JTJGRFVBTC1CRU5FRklDSU9TLmpwZyUyMiUyMCUyRiUzRQ==[\/vc_raw_html][\/vc_column][\/vc_row][vc_row el_class=\u00bbcontent-80&#8243;][vc_column][vc_empty_space height=\u00bb120px\u00bb el_class=\u00bbvc_empty_space-40&#8243;][vc_row_inner gap=\u00bb30&#8243;][vc_column_inner width=\u00bb1\/4&#8243;][vc_column_text] La formaci\u00f3n dual Informaci\u00f3n general Beneficios Convenio de cooperaci\u00f3n Documentos de inter\u00e9s Descargar prospecto[\/vc_column_text][\/vc_column_inner][vc_column_inner width=\u00bb3\/4&#8243;][vc_column_text el_class=\u00bbd-none\u00bb] Beneficios de la formaci\u00f3n dual Uno de los beneficios y &hellip;<\/p>\n<p class=\"read-more\"> <a class=\"\" href=\"https:\/\/taf.tecazuay.edu.ec\/?page_id=105\"> <span class=\"screen-reader-text\">Beneficios<\/span> Leer m\u00e1s &raquo;<\/a><\/p>\n","protected":false},"author":1,"featured_media":0,"parent":0,"menu_order":0,"comment_status":"closed","ping_status":"closed","template":"","meta":{"site-sidebar-layout":"no-sidebar","site-content-layout":"page-builder","ast-main-header-display":"","ast-hfb-above-header-display":"","ast-hfb-below-header-display":"","ast-hfb-mobile-header-display":"","site-post-title":"disabled","ast-breadcrumbs-content":"disabled","ast-featured-img":"disabled","footer-sml-layout":"","theme-transparent-header-meta":"default","adv-header-id-meta":"","stick-header-meta":"","header-above-stick-meta":"","header-main-stick-meta":"","header-below-stick-meta":"","footnotes":""},"class_list":["post-105","page","type-page","status-publish","hentry"],"_links":{"self":[{"href":"https:\/\/taf.tecazuay.edu.ec\/index.php?rest_route=\/wp\/v2\/pages\/105","targetHints":{"allow":["GET"]}}],"collection":[{"href":"https:\/\/taf.tecazuay.edu.ec\/index.php?rest_route=\/wp\/v2\/pages"}],"about":[{"href":"https:\/\/taf.tecazuay.edu.ec\/index.php?rest_route=\/wp\/v2\/types\/page"}],"author":[{"embeddable":true,"href":"https:\/\/taf.tecazuay.edu.ec\/index.php?rest_route=\/wp\/v2\/users\/1"}],"replies":[{"embeddable":true,"href":"https:\/\/taf.tecazuay.edu.ec\/index.php?rest_route=%2Fwp%2Fv2%2Fcomments&post=105"}],"version-history":[{"count":35,"href":"https:\/\/taf.tecazuay.edu.ec\/index.php?rest_route=\/wp\/v2\/pages\/105\/revisions"}],"predecessor-version":[{"id":628,"href":"https:\/\/taf.tecazuay.edu.ec\/index.php?rest_route=\/wp\/v2\/pages\/105\/revisions\/628"}],"wp:attachment":[{"href":"https:\/\/taf.tecazuay.edu.ec\/index.php?rest_route=%2Fwp%2Fv2%2Fmedia&parent=105"}],"curies":[{"name":"wp","href":"https:\/\/api.w.org\/{rel}","templated":true}]}}