{"id":109,"date":"2022-04-07T18:30:12","date_gmt":"2022-04-07T23:30:12","guid":{"rendered":"http:\/\/taf.tecazuay.edu.ec\/?page_id=109"},"modified":"2022-06-16T15:48:15","modified_gmt":"2022-06-16T20:48:15","slug":"documentos-de-interes","status":"publish","type":"page","link":"https:\/\/taf.tecazuay.edu.ec\/?page_id=109","title":{"rendered":"Documentos de inter\u00e9s"},"content":{"rendered":"<p>[vc_row full_width=\u00bbstretch_row_content_no_spaces\u00bb css=\u00bb.vc_custom_1651252286669{background-image: url(https:\/\/taf.tecazuay.edu.ec\/wp-content\/uploads\/2022\/04\/DUAL-DOCUMENTOS.jpg?id=509) !important;background-position: center !important;background-repeat: no-repeat !important;background-size: cover !important;}\u00bb el_class=\u00bbbg-inter-page d-none-mobile\u00bb][vc_column][vc_empty_space height=\u00bb600px\u00bb][\/vc_column][\/vc_row][vc_row full_width=\u00bbstretch_row_content_no_spaces\u00bb css=\u00bb.vc_custom_1650493988955{background-position: center !important;background-repeat: no-repeat !important;background-size: cover !important;}\u00bb el_class=\u00bbbg-inter-page d-none-desktop\u00bb][vc_column][vc_raw_html]JTNDaW1nJTIwY2xhc3MlM0QlMjJhbGlnbm5vbmUlMjBzaXplLWZ1bGwlMjBwYXJhbGxheC1pbWclMjIlMjBzdHlsZSUzRCUyMndpZHRoJTNBJTIwMTAwJTI1JTNCJTIyJTIwc3JjJTNEJTIyaHR0cHMlM0ElMkYlMkZ0YWZmb3JtYWNpb25kdWFsLm9yZyUyRndwLWNvbnRlbnQlMkZ1cGxvYWRzJTJGMjAyMiUyRjA0JTJGRFVBTC1ET0NVTUVOVE9TLmpwZyUyMiUyMCUyRiUzRQ==[\/vc_raw_html][\/vc_column][\/vc_row][vc_row el_class=\u00bbcontent-80&#8243;][vc_column][vc_empty_space height=\u00bb120px\u00bb el_class=\u00bbvc_empty_space-40&#8243;][vc_row_inner gap=\u00bb30&#8243;][vc_column_inner width=\u00bb1\/4&#8243;][vc_column_text]<\/p>\n<p class=\"font-bold p-44\" style=\"text-align: left; margin-bottom: 1em;\">La formaci\u00f3n dual<\/p>\n<ul class=\"arrow-right border-top\">\n<li><a class=\"color-light-grey font-bold p-26 \" href=\"https:\/\/taf.tecazuay.edu.ec\/?page_id=103\">Informaci\u00f3n general<\/a><\/li>\n<li><a class=\"color-light-grey font-bold p-26 \" href=\"https:\/\/taf.tecazuay.edu.ec\/?page_id=105\">Beneficios<\/a><\/li>\n<li><a class=\"color-light-grey font-bold p-26 \" href=\"https:\/\/taf.tecazuay.edu.ec\/?page_id=107\">Convenio de cooperaci\u00f3n<\/a><\/li>\n<li><a class=\"color-light-grey font-bold p-26 active\" href=\"https:\/\/taf.tecazuay.edu.ec\/?page_id=109\">Documentos de inter\u00e9s<\/a><\/li>\n<\/ul>\n<p><a class=\"bg-dark-grey color-blank button-dark-grey\" href=\"https:\/\/taf.tecazuay.edu.ec\/wp-content\/uploads\/2022\/04\/TAF-2022.pdf\" download=\"\">Descargar prospecto<\/a>[\/vc_column_text][\/vc_column_inner][vc_column_inner width=\u00bb3\/4&#8243;][vc_column_text]<\/p>\n<p class=\"color-vine font-bold p-40\" style=\"text-align: left; margin-bottom: 0.8em;\">Documentos de inter\u00e9s<\/p>\n<ul class=\"arrow-right\">\n<li><a href=\"https:\/\/taf.tecazuay.edu.ec\/wp-content\/uploads\/2022\/documentos\/Acuerdo-Interinstitucional-MDT-SENESCYT.pdf\" download=\"\"><strong>Acuerdo Interinstitucional entre el Ministerio de Trabajo y SENESCYT<\/strong><\/a><\/li>\n<li><a href=\"https:\/\/taf.tecazuay.edu.ec\/wp-content\/uploads\/2022\/documentos\/REGLAMENTODUAL-APROBADO-2018.pdf\" download=\"\"><strong>Reglamento para las carreras y programas en modalidad de formaci\u00f3n dual<\/strong><\/a><\/li>\n<\/ul>\n<hr class=\"grey\" \/>\n<p>[\/vc_column_text][vc_empty_space][vc_column_text]<\/p>\n<div class=\"vc_row wpb_row vc_inner vc_row-fluid vc_column-gap-30 vc_row-o-equal-height vc_row-flex testimonio-taf\">\n<div class=\"wpb_column vc_column_container vc_col-sm-6 vc_col-has-fill\" style=\"background-size: cover; background-image: url('https:\/\/taf.tecazuay.edu.ec\/wp-content\/uploads\/2022\/04\/testimonio-de-la-formacion-dual-4.jpg');\"><\/div>\n<div class=\"paddign-block wpb_column vc_column_container vc_col-sm-6 vc_col-has-fill bg-light-grey\">\n<div>\n<p>\u201cEs una manera m\u00e1s r\u00e1pida de poder acceder a una entidad educativa, genera mayor confianza con el estudiante, te permite ahorrar debido a que es gratuita y finaliza en dos a\u00f1os.\u201d<\/p>\n<p><strong><br \/>\nCristi\u00e1n Mu\u00f1oz<\/strong><\/p>\n<p>Tutor empresarial<br \/>\nCooperativa de Ahorro y Cr\u00e9dito Jard\u00edn Azuayo<\/p>\n<\/div>\n<\/div>\n<\/div>\n<p>[\/vc_column_text][vc_empty_space height=\u00bb50px\u00bb][\/vc_column_inner][\/vc_row_inner][\/vc_column][\/vc_row]<\/p>\n","protected":false},"excerpt":{"rendered":"<p>[vc_row full_width=\u00bbstretch_row_content_no_spaces\u00bb css=\u00bb.vc_custom_1651252286669{background-image: url(https:\/\/taf.tecazuay.edu.ec\/wp-content\/uploads\/2022\/04\/DUAL-DOCUMENTOS.jpg?id=509) !important;background-position: center !important;background-repeat: no-repeat !important;background-size: cover !important;}\u00bb el_class=\u00bbbg-inter-page d-none-mobile\u00bb][vc_column][vc_empty_space height=\u00bb600px\u00bb][\/vc_column][\/vc_row][vc_row full_width=\u00bbstretch_row_content_no_spaces\u00bb css=\u00bb.vc_custom_1650493988955{background-position: center !important;background-repeat: no-repeat !important;background-size: cover !important;}\u00bb el_class=\u00bbbg-inter-page d-none-desktop\u00bb][vc_column][vc_raw_html]JTNDaW1nJTIwY2xhc3MlM0QlMjJhbGlnbm5vbmUlMjBzaXplLWZ1bGwlMjBwYXJhbGxheC1pbWclMjIlMjBzdHlsZSUzRCUyMndpZHRoJTNBJTIwMTAwJTI1JTNCJTIyJTIwc3JjJTNEJTIyaHR0cHMlM0ElMkYlMkZ0YWZmb3JtYWNpb25kdWFsLm9yZyUyRndwLWNvbnRlbnQlMkZ1cGxvYWRzJTJGMjAyMiUyRjA0JTJGRFVBTC1ET0NVTUVOVE9TLmpwZyUyMiUyMCUyRiUzRQ==[\/vc_raw_html][\/vc_column][\/vc_row][vc_row el_class=\u00bbcontent-80&#8243;][vc_column][vc_empty_space height=\u00bb120px\u00bb el_class=\u00bbvc_empty_space-40&#8243;][vc_row_inner gap=\u00bb30&#8243;][vc_column_inner width=\u00bb1\/4&#8243;][vc_column_text] La formaci\u00f3n dual Informaci\u00f3n general Beneficios Convenio de cooperaci\u00f3n Documentos de inter\u00e9s Descargar prospecto[\/vc_column_text][\/vc_column_inner][vc_column_inner width=\u00bb3\/4&#8243;][vc_column_text] Documentos de inter\u00e9s Acuerdo Interinstitucional entre el Ministerio de Trabajo y &hellip;<\/p>\n<p class=\"read-more\"> <a class=\"\" href=\"https:\/\/taf.tecazuay.edu.ec\/?page_id=109\"> <span class=\"screen-reader-text\">Documentos de inter\u00e9s<\/span> Leer m\u00e1s &raquo;<\/a><\/p>\n","protected":false},"author":1,"featured_media":0,"parent":0,"menu_order":0,"comment_status":"closed","ping_status":"closed","template":"","meta":{"site-sidebar-layout":"no-sidebar","site-content-layout":"page-builder","ast-main-header-display":"","ast-hfb-above-header-display":"","ast-hfb-below-header-display":"","ast-hfb-mobile-header-display":"","site-post-title":"disabled","ast-breadcrumbs-content":"disabled","ast-featured-img":"disabled","footer-sml-layout":"","theme-transparent-header-meta":"default","adv-header-id-meta":"","stick-header-meta":"","header-above-stick-meta":"","header-main-stick-meta":"","header-below-stick-meta":"","footnotes":""},"class_list":["post-109","page","type-page","status-publish","hentry"],"_links":{"self":[{"href":"https:\/\/taf.tecazuay.edu.ec\/index.php?rest_route=\/wp\/v2\/pages\/109","targetHints":{"allow":["GET"]}}],"collection":[{"href":"https:\/\/taf.tecazuay.edu.ec\/index.php?rest_route=\/wp\/v2\/pages"}],"about":[{"href":"https:\/\/taf.tecazuay.edu.ec\/index.php?rest_route=\/wp\/v2\/types\/page"}],"author":[{"embeddable":true,"href":"https:\/\/taf.tecazuay.edu.ec\/index.php?rest_route=\/wp\/v2\/users\/1"}],"replies":[{"embeddable":true,"href":"https:\/\/taf.tecazuay.edu.ec\/index.php?rest_route=%2Fwp%2Fv2%2Fcomments&post=109"}],"version-history":[{"count":28,"href":"https:\/\/taf.tecazuay.edu.ec\/index.php?rest_route=\/wp\/v2\/pages\/109\/revisions"}],"predecessor-version":[{"id":626,"href":"https:\/\/taf.tecazuay.edu.ec\/index.php?rest_route=\/wp\/v2\/pages\/109\/revisions\/626"}],"wp:attachment":[{"href":"https:\/\/taf.tecazuay.edu.ec\/index.php?rest_route=%2Fwp%2Fv2%2Fmedia&parent=109"}],"curies":[{"name":"wp","href":"https:\/\/api.w.org\/{rel}","templated":true}]}}