{"id":169,"date":"2022-04-08T12:39:47","date_gmt":"2022-04-08T17:39:47","guid":{"rendered":"http:\/\/taf.tecazuay.edu.ec\/?page_id=169"},"modified":"2022-05-25T11:34:07","modified_gmt":"2022-05-25T16:34:07","slug":"proceso-de-admision","status":"publish","type":"page","link":"https:\/\/taf.tecazuay.edu.ec\/?page_id=169","title":{"rendered":"Proceso de admisi\u00f3n"},"content":{"rendered":"<p>[vc_row full_width=\u00bbstretch_row_content_no_spaces\u00bb css=\u00bb.vc_custom_1651252362627{background-image: url(https:\/\/taf.tecazuay.edu.ec\/wp-content\/uploads\/2022\/04\/PROCESOADMISION.jpg?id=511) !important;background-position: center !important;background-repeat: no-repeat !important;background-size: cover !important;}\u00bb el_class=\u00bbbg-inter-page d-none-mobile\u00bb][vc_column][vc_empty_space height=\u00bb600px\u00bb][\/vc_column][\/vc_row][vc_row css=\u00bb.vc_custom_1650563530928{background-position: center !important;background-repeat: no-repeat !important;background-size: cover !important;}\u00bb el_class=\u00bbbg-inter-page d-none-desktop\u00bb][vc_column][vc_raw_html]JTNDaW1nJTIwY2xhc3MlM0QlMjJhbGlnbm5vbmUlMjBzaXplLWZ1bGwlMjBwYXJhbGxheC1pbWclMjIlMjBzdHlsZSUzRCUyMndpZHRoJTNBJTIwMTAwJTI1JTNCJTIyJTIwc3JjJTNEJTIyaHR0cHMlM0ElMkYlMkZ0YWZmb3JtYWNpb25kdWFsLm9yZyUyRndwLWNvbnRlbnQlMkZ1cGxvYWRzJTJGMjAyMiUyRjA0JTJGUFJPQ0VTT0FETUlTSU9OLmpwZyUyMiUyMCUyRiUzRQ==[\/vc_raw_html][\/vc_column][\/vc_row][vc_row][vc_column width=\u00bb1\/6&#8243;][\/vc_column][vc_column width=\u00bb2\/3&#8243;][vc_empty_space height=\u00bb100px\u00bb el_class=\u00bbvc_empty_space-40&#8243;][vc_column_text]<\/p>\n<p class=\"p-24 \" style=\"text-align: center; line-height: 39px;\">Para acceder a la carrera de Tecnolog\u00eda Superior en Asesor\u00eda Financiera se debe seguir el proceso de admisi\u00f3n a la educaci\u00f3n superior establecido por la SENESCYT.<\/p>\n<p class=\"p-24\" style=\"text-align: center; margin-bottom: 1em;\">Inf\u00f3rmate m\u00e1s en <a class=\"color-secondary\" style=\"text-decoration: none;\" href=\"https:\/\/admision.senescyt.gob.ec\/\">https:\/\/admision.senescyt.gob.ec\/<\/a> y en redes sociales oficiales:<\/p>\n<p class=\"p-24 color-secondary font-bold\" style=\"text-align: center; margin-bottom: 1em;\"><a class=\"color-secondary\" style=\"text-decoration: none;\" href=\"https:\/\/www.facebook.com\/EduSuperiorEc\">Facebook<\/a> \/<a class=\"color-secondary\" style=\"text-decoration: none;\" href=\"https:\/\/twitter.com\/EduSuperiorEc\">Twitter<\/a>\/ <a class=\"color-secondary\" style=\"text-decoration: none;\" href=\"https:\/\/www.instagram.com\/https:\/\/www.instagram.com\/edusuperior.ec\/\">Instagram<\/a><\/p>\n<p>[\/vc_column_text][vc_empty_space height=\u00bb100px\u00bb el_class=\u00bbvc_empty_space-40&#8243;][\/vc_column][vc_column width=\u00bb1\/6&#8243;][\/vc_column][\/vc_row][vc_row full_width=\u00bbstretch_row_content_no_spaces\u00bb disable_element=\u00bbyes\u00bb][vc_column][vc_raw_html]JTNDZGl2JTIwY2xhc3MlM0QlMjJ2Y19yb3clMjB3cGJfcm93JTIwdmNfaW5uZXIlMjB2Y19yb3ctZmx1aWQlMjB2Y19jb2x1bW4tZ2FwLTMwJTIwdmNfcm93LW8tZXF1YWwtaGVpZ2h0JTIwdmNfcm93LWZsZXglMjBlc2NyaWJlbm9zLXRhZiUyMiUzRSUwQSUzQ2RpdiUyMGNsYXNzJTNEJTIycGFkZGlnbi1ibG9jayUyMHdwYl9jb2x1bW4lMjB2Y19jb2x1bW5fY29udGFpbmVyJTIwdmNfY29sLXNtLTEyJTIwdmNfY29sLWhhcy1maWxsJTIwYmctc2Vjb25kYXJ5JTIyJTNFJTBBJTNDZGl2JTNFJTBBJTNDcCUyMGNsYXNzJTNEJTIyZm9udC1ib2xkJTIwcC00MCUyMGNvbG9yLWJsYW5rJTIyJTIwc3R5bGUlM0QlMjJ0ZXh0LWFsaWduJTNBJTIwY2VudGVyJTNCJTIyJTNFJUMyJUExUG9zdHVsYSUyMGElMjBsYSUyMGV4Y2VsZW5jaWElMjElM0MlMkZwJTNFJTBBJTNDcCUyMGNsYXNzJTNEJTIycC0xOCUyMGNvbG9yLWJsYW5rJTIyJTIwc3R5bGUlM0QlMjJ0ZXh0LWFsaWduJTNBJTIwY2VudGVyJTNCJTIyJTNFU29saWNpdGElMjBtJUMzJUExcyUyMGluZm9ybWFjaSVDMyVCM24lM0MlMkZwJTNFJTBBJTNDYnIlM0UlMEElM0NwJTIwc3R5bGUlM0QlMjJ0ZXh0LWRlY29yYXRpb24lM0ElMjBub25lJTNCJTIwdGV4dC1hbGlnbiUzQSUyMGNlbnRlciUzQiUyMiUyMCUzRSUzQ2ElMjBjbGFzcyUzRCUyMmJ0biUyMGJ0bi1saWdodCUyMGJ0bi1sZyUyMGJ0bi13YXBwJTIyJTIwc3R5bGUlM0QlMjJ0ZXh0LWRlY29yYXRpb24lM0ElMjBub25lJTNCJTIwdGV4dC1hbGlnbiUzQSUyMGNlbnRlciUzQiUyMiUyMGhyZWYlM0QlMjJodHRwcyUzQSUyRiUyRndhLmxpbmslMkZ0YWYlMjIlM0UlM0NzcGFuJTIwY2xhc3MlM0QlMjJ2Y19pY29uX2VsZW1lbnQtaWNvbiUyMGZhYiUyMGZhLXdoYXRzYXBwJTIwY29sb3ItcHJpbWFyeSUyMiUzRSUzQyUyRnNwYW4lM0UlMjBFU0NSJUMzJThEQkVOT1MlQzIlQTAlM0MlMkZhJTNFJTNDJTJGcCUzRSUwQSUwQSUwQSUzQyUyRmRpdiUzRSUwQSUzQyUyRmRpdiUzRSUwQSUzQyUyRmRpdiUzRQ==[\/vc_raw_html][vc_icon icon_fontawesome=\u00bbfab fa-whatsapp\u00bb color=\u00bbwhite\u00bb el_class=\u00bbd-none\u00bb][\/vc_column][\/vc_row]<\/p>\n","protected":false},"excerpt":{"rendered":"<p>[vc_row full_width=\u00bbstretch_row_content_no_spaces\u00bb css=\u00bb.vc_custom_1651252362627{background-image: url(https:\/\/taf.tecazuay.edu.ec\/wp-content\/uploads\/2022\/04\/PROCESOADMISION.jpg?id=511) !important;background-position: center !important;background-repeat: no-repeat !important;background-size: cover !important;}\u00bb el_class=\u00bbbg-inter-page d-none-mobile\u00bb][vc_column][vc_empty_space height=\u00bb600px\u00bb][\/vc_column][\/vc_row][vc_row css=\u00bb.vc_custom_1650563530928{background-position: center !important;background-repeat: no-repeat !important;background-size: cover !important;}\u00bb el_class=\u00bbbg-inter-page d-none-desktop\u00bb][vc_column][vc_raw_html]JTNDaW1nJTIwY2xhc3MlM0QlMjJhbGlnbm5vbmUlMjBzaXplLWZ1bGwlMjBwYXJhbGxheC1pbWclMjIlMjBzdHlsZSUzRCUyMndpZHRoJTNBJTIwMTAwJTI1JTNCJTIyJTIwc3JjJTNEJTIyaHR0cHMlM0ElMkYlMkZ0YWZmb3JtYWNpb25kdWFsLm9yZyUyRndwLWNvbnRlbnQlMkZ1cGxvYWRzJTJGMjAyMiUyRjA0JTJGUFJPQ0VTT0FETUlTSU9OLmpwZyUyMiUyMCUyRiUzRQ==[\/vc_raw_html][\/vc_column][\/vc_row][vc_row][vc_column width=\u00bb1\/6&#8243;][\/vc_column][vc_column width=\u00bb2\/3&#8243;][vc_empty_space height=\u00bb100px\u00bb el_class=\u00bbvc_empty_space-40&#8243;][vc_column_text] Para acceder a la carrera de Tecnolog\u00eda Superior en Asesor\u00eda Financiera se debe seguir el proceso de admisi\u00f3n a la educaci\u00f3n superior establecido por la SENESCYT. Inf\u00f3rmate m\u00e1s &hellip;<\/p>\n<p class=\"read-more\"> <a class=\"\" href=\"https:\/\/taf.tecazuay.edu.ec\/?page_id=169\"> <span class=\"screen-reader-text\">Proceso de admisi\u00f3n<\/span> Leer m\u00e1s &raquo;<\/a><\/p>\n","protected":false},"author":1,"featured_media":0,"parent":0,"menu_order":0,"comment_status":"closed","ping_status":"closed","template":"","meta":{"site-sidebar-layout":"no-sidebar","site-content-layout":"page-builder","ast-main-header-display":"","ast-hfb-above-header-display":"","ast-hfb-below-header-display":"","ast-hfb-mobile-header-display":"","site-post-title":"disabled","ast-breadcrumbs-content":"disabled","ast-featured-img":"disabled","footer-sml-layout":"","theme-transparent-header-meta":"default","adv-header-id-meta":"","stick-header-meta":"","header-above-stick-meta":"","header-main-stick-meta":"","header-below-stick-meta":"","footnotes":""},"class_list":["post-169","page","type-page","status-publish","hentry"],"_links":{"self":[{"href":"https:\/\/taf.tecazuay.edu.ec\/index.php?rest_route=\/wp\/v2\/pages\/169","targetHints":{"allow":["GET"]}}],"collection":[{"href":"https:\/\/taf.tecazuay.edu.ec\/index.php?rest_route=\/wp\/v2\/pages"}],"about":[{"href":"https:\/\/taf.tecazuay.edu.ec\/index.php?rest_route=\/wp\/v2\/types\/page"}],"author":[{"embeddable":true,"href":"https:\/\/taf.tecazuay.edu.ec\/index.php?rest_route=\/wp\/v2\/users\/1"}],"replies":[{"embeddable":true,"href":"https:\/\/taf.tecazuay.edu.ec\/index.php?rest_route=%2Fwp%2Fv2%2Fcomments&post=169"}],"version-history":[{"count":23,"href":"https:\/\/taf.tecazuay.edu.ec\/index.php?rest_route=\/wp\/v2\/pages\/169\/revisions"}],"predecessor-version":[{"id":553,"href":"https:\/\/taf.tecazuay.edu.ec\/index.php?rest_route=\/wp\/v2\/pages\/169\/revisions\/553"}],"wp:attachment":[{"href":"https:\/\/taf.tecazuay.edu.ec\/index.php?rest_route=%2Fwp%2Fv2%2Fmedia&parent=169"}],"curies":[{"name":"wp","href":"https:\/\/api.w.org\/{rel}","templated":true}]}}