{"id":178,"date":"2022-04-08T12:42:05","date_gmt":"2022-04-08T17:42:05","guid":{"rendered":"http:\/\/taf.tecazuay.edu.ec\/?page_id=178"},"modified":"2022-04-29T12:14:55","modified_gmt":"2022-04-29T17:14:55","slug":"contacto","status":"publish","type":"page","link":"https:\/\/taf.tecazuay.edu.ec\/?page_id=178","title":{"rendered":"Contacto"},"content":{"rendered":"<p>[vc_row full_width=\u00bbstretch_row_content_no_spaces\u00bb css=\u00bb.vc_custom_1651252482115{background-image: url(https:\/\/taf.tecazuay.edu.ec\/wp-content\/uploads\/2022\/04\/contacto.jpg?id=513) !important;background-position: center !important;background-repeat: no-repeat !important;background-size: cover !important;}\u00bb el_class=\u00bbbg-inter-page d-none-mobile\u00bb][vc_column][vc_empty_space height=\u00bb600px\u00bb][\/vc_column][\/vc_row][vc_row full_width=\u00bbstretch_row_content_no_spaces\u00bb css=\u00bb.vc_custom_1650495296918{background-position: center !important;background-repeat: no-repeat !important;background-size: cover !important;}\u00bb el_class=\u00bbbg-inter-page d-none-desktop\u00bb][vc_column][vc_raw_html]JTNDaW1nJTIwY2xhc3MlM0QlMjJhbGlnbm5vbmUlMjBzaXplLWZ1bGwlMjBwYXJhbGxheC1pbWclMjIlMjBzdHlsZSUzRCUyMndpZHRoJTNBJTIwMTAwJTI1JTNCJTIyJTIwc3JjJTNEJTIyaHR0cHMlM0ElMkYlMkZ0YWZmb3JtYWNpb25kdWFsLm9yZyUyRndwLWNvbnRlbnQlMkZ1cGxvYWRzJTJGMjAyMiUyRjA0JTJGY29udGFjdG8uanBnJTIyJTIwJTJGJTNF[\/vc_raw_html][\/vc_column][\/vc_row][vc_row][vc_column][vc_empty_space height=\u00bb50px\u00bb][\/vc_column][\/vc_row][vc_row el_class=\u00bbcontent-70&#8243;][vc_column width=\u00bb1\/2&#8243; el_class=\u00bbinfo-contacto\u00bb][vc_column_text]<\/p>\n<p class=\"p-40 font-bold\" style=\"text-align: left; margin-bottom: 30px;\">Contacto<\/p>\n<p class=\"p-26 \" style=\"text-align: left; line-height: 39px;\">Mgtr. Roberto Carranza<br \/>\nCoordinador de Carrera<br \/>\n<a class=\"p-26 color-secondary\" style=\"text-decoration: none;\" href=\"mailto:asesoria.financiera@tecazuay.edu.ec\">asesoria.financiera@tecazuay.edu.ec<\/a><\/p>\n<p>[\/vc_column_text][vc_column_text]<\/p>\n<p class=\"p-40 font-bold\" style=\"text-align: left; margin-bottom: 27px;\">Instituto Superior Tecnol\u00f3gico del Azuay<\/p>\n<p class=\"p-26 \" style=\"text-align: left; line-height: 39px;\">Direcci\u00f3n: Octavio Chac\u00f3n Moscoso 1-98 y Primera Transversal (Parque industrial)<br \/>\nTel\u00e9fono: 07 2809 551 &#8211; 0995363076<br \/>\n<a class=\"p-26 color-secondary\" style=\"text-decoration: none;\" href=\"www.tecazuay.edu.ec\">www.tecazuay.edu.ec<\/a><\/p>\n<p>[\/vc_column_text][\/vc_column][vc_column width=\u00bb1\/2&#8243;][vc_column_text]<div role=\"form\" class=\"wpcf7\" id=\"wpcf7-f184-o1\" lang=\"es-EC\" dir=\"ltr\">\n<div class=\"screen-reader-response\"><p role=\"status\" aria-live=\"polite\" aria-atomic=\"true\"><\/p> <ul><\/ul><\/div>\n<form action=\"\/index.php?rest_route=%2Fwp%2Fv2%2Fpages%2F178#wpcf7-f184-o1\" method=\"post\" class=\"wpcf7-form init\" novalidate=\"novalidate\" data-status=\"init\">\n<div style=\"display: none;\">\n<input type=\"hidden\" name=\"_wpcf7\" value=\"184\" \/>\n<input type=\"hidden\" name=\"_wpcf7_version\" value=\"5.5.6\" \/>\n<input type=\"hidden\" name=\"_wpcf7_locale\" value=\"es_EC\" \/>\n<input type=\"hidden\" name=\"_wpcf7_unit_tag\" value=\"wpcf7-f184-o1\" \/>\n<input type=\"hidden\" name=\"_wpcf7_container_post\" value=\"0\" \/>\n<input type=\"hidden\" name=\"_wpcf7_posted_data_hash\" value=\"\" \/>\n<\/div>\n<div id=\"formaulario-contacto\">\n<span class=\"wpcf7-form-control-wrap your-name\"><input type=\"text\" name=\"your-name\" value=\"\" size=\"40\" class=\"wpcf7-form-control wpcf7-text wpcf7-validates-as-required\" aria-required=\"true\" aria-invalid=\"false\" placeholder=\"Nombre\" \/><\/span><br \/>\n<span class=\"wpcf7-form-control-wrap telefono\"><input type=\"tel\" name=\"telefono\" value=\"\" size=\"40\" class=\"wpcf7-form-control wpcf7-text wpcf7-tel wpcf7-validates-as-tel\" aria-invalid=\"false\" placeholder=\"Tel\u00e9fono\" \/><\/span><br \/>\n<span class=\"wpcf7-form-control-wrap your-email\"><input type=\"email\" name=\"your-email\" value=\"\" size=\"40\" class=\"wpcf7-form-control wpcf7-text wpcf7-email wpcf7-validates-as-required wpcf7-validates-as-email\" aria-required=\"true\" aria-invalid=\"false\" placeholder=\"E-mail\" \/><\/span><br \/>\n<span class=\"wpcf7-form-control-wrap your-message\"><textarea name=\"your-message\" cols=\"40\" rows=\"10\" class=\"wpcf7-form-control wpcf7-textarea\" aria-invalid=\"false\" placeholder=\"Mensaje\"><\/textarea><\/span> <\/p>\n<div id=\"formaulario-contacto-send\">\n      <input type=\"submit\" value=\"Enviar\" class=\"wpcf7-form-control has-spinner wpcf7-submit\" \/><\/p>\n<\/div>\n<\/div>\n<input type='hidden' class='wpcf7-pum' value='{\"closepopup\":false,\"closedelay\":0,\"openpopup\":false,\"openpopup_id\":0}' \/><div class=\"wpcf7-response-output\" aria-hidden=\"true\"><\/div><\/form><\/div>[\/vc_column_text][\/vc_column][\/vc_row][vc_row el_class=\u00bbcontent-80&#8243;][vc_column][vc_gmaps link=\u00bb#E-8_JTNDaWZyYW1lJTIwc3JjJTNEJTIyaHR0cHMlM0ElMkYlMkZ3d3cuZ29vZ2xlLmNvbSUyRm1hcHMlMkZlbWJlZCUzRnBiJTNEJTIxMW0xOCUyMTFtMTIlMjExbTMlMjExZDM5ODQuNzc5MTM4MjMxMzA0JTIxMmQtNzguOTc3NjgzMjg0OTEzMTclMjEzZC0yLjg3OTk2MjM5NzkwMjI4OTclMjEybTMlMjExZjAlMjEyZjAlMjEzZjAlMjEzbTIlMjExaTEwMjQlMjEyaTc2OCUyMTRmMTMuMSUyMTNtMyUyMTFtMiUyMTFzMHg5MWNkMTc4MWM4OThmOTc1JTI1M0EweGZkNGE3NmJjOTg2Zjg5OTAlMjEyc0luc3RpdHV0byUyNTIwU3VwZXJpb3IlMjUyMFRlY25vbG9naWNvJTI1MjBEZWwlMjUyMEF6dWF5JTIxNWUwJTIxM20yJTIxMXNlcyUyMTJzZWMlMjE0djE2NTAxMjM2NzUxMTUlMjE1bTIlMjExc2VzJTIxMnNlYyUyMiUyMHdpZHRoJTNEJTIyNjAwJTIyJTIwaGVpZ2h0JTNEJTIyNDUwJTIyJTIwc3R5bGUlM0QlMjJib3JkZXIlM0EwJTNCJTIyJTIwYWxsb3dmdWxsc2NyZWVuJTNEJTIyJTIyJTIwbG9hZGluZyUzRCUyMmxhenklMjIlMjByZWZlcnJlcnBvbGljeSUzRCUyMm5vLXJlZmVycmVyLXdoZW4tZG93bmdyYWRlJTIyJTNFJTNDJTJGaWZyYW1lJTNF\u00bb][\/vc_column][\/vc_row][vc_row][vc_column][vc_empty_space height=\u00bb40px\u00bb][\/vc_column][\/vc_row]<\/p>\n","protected":false},"excerpt":{"rendered":"<p>[vc_row full_width=\u00bbstretch_row_content_no_spaces\u00bb css=\u00bb.vc_custom_1651252482115{background-image: url(https:\/\/taf.tecazuay.edu.ec\/wp-content\/uploads\/2022\/04\/contacto.jpg?id=513) !important;background-position: center !important;background-repeat: no-repeat !important;background-size: cover !important;}\u00bb el_class=\u00bbbg-inter-page d-none-mobile\u00bb][vc_column][vc_empty_space height=\u00bb600px\u00bb][\/vc_column][\/vc_row][vc_row full_width=\u00bbstretch_row_content_no_spaces\u00bb css=\u00bb.vc_custom_1650495296918{background-position: center !important;background-repeat: no-repeat !important;background-size: cover !important;}\u00bb el_class=\u00bbbg-inter-page d-none-desktop\u00bb][vc_column][vc_raw_html]JTNDaW1nJTIwY2xhc3MlM0QlMjJhbGlnbm5vbmUlMjBzaXplLWZ1bGwlMjBwYXJhbGxheC1pbWclMjIlMjBzdHlsZSUzRCUyMndpZHRoJTNBJTIwMTAwJTI1JTNCJTIyJTIwc3JjJTNEJTIyaHR0cHMlM0ElMkYlMkZ0YWZmb3JtYWNpb25kdWFsLm9yZyUyRndwLWNvbnRlbnQlMkZ1cGxvYWRzJTJGMjAyMiUyRjA0JTJGY29udGFjdG8uanBnJTIyJTIwJTJGJTNF[\/vc_raw_html][\/vc_column][\/vc_row][vc_row][vc_column][vc_empty_space height=\u00bb50px\u00bb][\/vc_column][\/vc_row][vc_row el_class=\u00bbcontent-70&#8243;][vc_column width=\u00bb1\/2&#8243; el_class=\u00bbinfo-contacto\u00bb][vc_column_text] Contacto Mgtr. Roberto Carranza Coordinador de Carrera asesoria.financiera@tecazuay.edu.ec [\/vc_column_text][vc_column_text] Instituto Superior Tecnol\u00f3gico del Azuay Direcci\u00f3n: Octavio Chac\u00f3n Moscoso 1-98 y Primera Transversal (Parque industrial) Tel\u00e9fono: 07 2809 &hellip;<\/p>\n<p class=\"read-more\"> <a class=\"\" href=\"https:\/\/taf.tecazuay.edu.ec\/?page_id=178\"> <span class=\"screen-reader-text\">Contacto<\/span> Leer m\u00e1s &raquo;<\/a><\/p>\n","protected":false},"author":1,"featured_media":0,"parent":0,"menu_order":0,"comment_status":"closed","ping_status":"closed","template":"","meta":{"site-sidebar-layout":"no-sidebar","site-content-layout":"page-builder","ast-main-header-display":"","ast-hfb-above-header-display":"","ast-hfb-below-header-display":"","ast-hfb-mobile-header-display":"","site-post-title":"disabled","ast-breadcrumbs-content":"disabled","ast-featured-img":"disabled","footer-sml-layout":"","theme-transparent-header-meta":"default","adv-header-id-meta":"","stick-header-meta":"","header-above-stick-meta":"","header-main-stick-meta":"","header-below-stick-meta":"","footnotes":""},"class_list":["post-178","page","type-page","status-publish","hentry"],"_links":{"self":[{"href":"https:\/\/taf.tecazuay.edu.ec\/index.php?rest_route=\/wp\/v2\/pages\/178","targetHints":{"allow":["GET"]}}],"collection":[{"href":"https:\/\/taf.tecazuay.edu.ec\/index.php?rest_route=\/wp\/v2\/pages"}],"about":[{"href":"https:\/\/taf.tecazuay.edu.ec\/index.php?rest_route=\/wp\/v2\/types\/page"}],"author":[{"embeddable":true,"href":"https:\/\/taf.tecazuay.edu.ec\/index.php?rest_route=\/wp\/v2\/users\/1"}],"replies":[{"embeddable":true,"href":"https:\/\/taf.tecazuay.edu.ec\/index.php?rest_route=%2Fwp%2Fv2%2Fcomments&post=178"}],"version-history":[{"count":13,"href":"https:\/\/taf.tecazuay.edu.ec\/index.php?rest_route=\/wp\/v2\/pages\/178\/revisions"}],"predecessor-version":[{"id":514,"href":"https:\/\/taf.tecazuay.edu.ec\/index.php?rest_route=\/wp\/v2\/pages\/178\/revisions\/514"}],"wp:attachment":[{"href":"https:\/\/taf.tecazuay.edu.ec\/index.php?rest_route=%2Fwp%2Fv2%2Fmedia&parent=178"}],"curies":[{"name":"wp","href":"https:\/\/api.w.org\/{rel}","templated":true}]}}