{"id":47,"date":"2022-04-07T14:30:47","date_gmt":"2022-04-07T19:30:47","guid":{"rendered":"http:\/\/taf.tecazuay.edu.ec\/?page_id=47"},"modified":"2022-06-16T14:39:50","modified_gmt":"2022-06-16T19:39:50","slug":"la-carrera","status":"publish","type":"page","link":"https:\/\/taf.tecazuay.edu.ec\/?page_id=47","title":{"rendered":"La carrera"},"content":{"rendered":"<p>[vc_row full_width=\u00bbstretch_row_content_no_spaces\u00bb css=\u00bb.vc_custom_1651251187082{background-image: url(https:\/\/taf.tecazuay.edu.ec\/wp-content\/uploads\/2022\/04\/CARRERA-INFORMACION-1.jpg?id=492) !important;background-position: center !important;background-repeat: no-repeat !important;background-size: cover !important;}\u00bb el_class=\u00bbbg-inter-page d-none-mobile\u00bb][vc_column][vc_empty_space height=\u00bb600px\u00bb][\/vc_column][\/vc_row][vc_row full_width=\u00bbstretch_row_content_no_spaces\u00bb css=\u00bb.vc_custom_1650491818427{background-position: center !important;background-repeat: no-repeat !important;background-size: cover !important;}\u00bb el_class=\u00bbbg-inter-page d-none-desktop\u00bb][vc_column][vc_raw_html]JTNDaW1nJTIwY2xhc3MlM0QlMjJhbGlnbm5vbmUlMjBzaXplLWZ1bGwlMjBwYXJhbGxheC1pbWclMjIlMjBzdHlsZSUzRCUyMndpZHRoJTNBJTIwMTAwJTI1JTNCJTIyJTIwc3JjJTNEJTIyaHR0cHMlM0ElMkYlMkZ0YWZmb3JtYWNpb25kdWFsLm9yZyUyRndwLWNvbnRlbnQlMkZ1cGxvYWRzJTJGMjAyMiUyRjA0JTJGQ0FSUkVSQS1JTkZPUk1BQ0lPTi0xLmpwZyUyMiUyMCUyRiUzRQ==[\/vc_raw_html][\/vc_column][\/vc_row][vc_row el_class=\u00bbcontent-80&#8243;][vc_column][vc_empty_space height=\u00bb120px\u00bb el_class=\u00bbvc_empty_space-40&#8243;][vc_row_inner gap=\u00bb30&#8243;][vc_column_inner width=\u00bb1\/4&#8243;][vc_column_text]<\/p>\n<p class=\"font-bold p-44\" style=\"text-align: left; margin-bottom: 1em;\">La carrera<\/p>\n<ul class=\"arrow-right border-top\">\n<li><a class=\"color-light-grey font-bold p-26 active\" href=\"https:\/\/taf.tecazuay.edu.ec\/?page_id=47\">Informaci\u00f3n general<\/a><\/li>\n<li><a class=\"color-light-grey font-bold p-26 \" href=\"https:\/\/taf.tecazuay.edu.ec\/?page_id=63\">Estructura de la carrera<\/a><\/li>\n<li><a class=\"color-light-grey font-bold p-26 \" href=\"https:\/\/taf.tecazuay.edu.ec\/?page_id=65\">Horarios y malla curricular<\/a><\/li>\n<li><a class=\"color-light-grey font-bold p-26 \" href=\"https:\/\/taf.tecazuay.edu.ec\/?page_id=67\">Preguntas frecuentes<\/a><\/li>\n<\/ul>\n<p><a class=\"bg-dark-grey color-blank button-dark-grey\" href=\"https:\/\/taf.tecazuay.edu.ec\/wp-content\/uploads\/2022\/04\/TAF-2022.pdf\" download=\"\">Descargar prospecto<\/a>[\/vc_column_text][\/vc_column_inner][vc_column_inner width=\u00bb3\/4&#8243;][vc_column_text]<\/p>\n<p class=\"color-vine font-bold p-40\" style=\"text-align: left; margin-bottom: 0.8em;\">Datos generales de la carrera<\/p>\n<ul class=\"arrow-right\">\n<li>\n<div>\n<div><strong>T\u00edtulo que otorga:<\/strong> Tecn\u00f3logo\/a Superior en Asesor\u00eda Financiera.<\/div>\n<\/div>\n<\/li>\n<li><strong>Resoluci\u00f3n del Consejo de Educaci\u00f3n Superior:<\/strong> RPC-SO-47-No.814-2018.<\/li>\n<li><strong>Modalidad de estudio:<\/strong> Dual (Las carreras duales son presenciales).<\/li>\n<li><strong>Nivel:<\/strong> Superior \u2013 tercer nivel.<\/li>\n<li><strong>Tiempo:<\/strong> 2,5 a\u00f1os.<\/li>\n<li><strong>Ciclos:<\/strong> 5 ciclos.<\/li>\n<li><strong>N\u00famero de horas de la malla curricular:<\/strong> 4500 horas.<\/li>\n<li><strong>Instituci\u00f3n de educaci\u00f3n superior:<\/strong> Instituto Superior Tecnol\u00f3gico del Azuay (ISTA). Instituto p\u00fablico.<\/li>\n<li><strong>Ciudad:<\/strong> Cuenca.<\/li>\n<li><strong>Horario:<\/strong> Tiempo completo.<\/li>\n<li><strong>Costo:<\/strong> Los estudiantes gozan de la gratuidad de la educaci\u00f3n p\u00fablica.<\/li>\n<li><strong>Certificaci\u00f3n alemana:<\/strong> Gestionada por la C\u00e1mara de Industrias, Producci\u00f3n y Empleo (CIPEM); y la C\u00e1mara de Industrias y Comercio Ecuatoriano-Alemana (AHK Ecuador).<\/li>\n<\/ul>\n<p>[\/vc_column_text][vc_column_text]<\/p>\n<p class=\"color-vine font-bold p-40\" style=\"text-align: left; margin-bottom: 0.8em;\">Perfil profesional:<\/p>\n<p>El profesional de la carrera de Tecnolog\u00eda en Asesor\u00eda Financiera bajo Formaci\u00f3n Dual ser\u00e1 capaz de:<\/p>\n<p><strong>ASESORAR<\/strong> a socios o clientes, a trav\u00e9s de sustentos t\u00e9cnicos, eficientes, eficaces y de calidad, que permitan la toma adecuada de decisiones respecto a sus necesidades financieras y <strong>APOYAR<\/strong> en la gesti\u00f3n eficiente de \u00e1reas y unidades de negocio de las entidades financieras, mediante la elaboraci\u00f3n\u00a0 de propuestas de mejora.[\/vc_column_text][vc_raw_html]JTNDcCUyMGNsYXNzJTNEJTIyY29sb3ItdmluZSUyMGZvbnQtYm9sZCUyMHAtNDAlMjIlMjBzdHlsZSUzRCUyMnRleHQtYWxpZ24lM0ElMjBsZWZ0JTNCJTIwbWFyZ2luLWJvdHRvbSUzQSUyMDAuOGVtJTNCJTIyJTNFQ2FtcG8lMjBvY3VwYWNpb25hbCUzQyUyRnAlM0UlMEElM0NwJTIwc3R5bGUlM0QlMjJ0ZXh0LWFsaWduJTNBJTIwbGVmdCUzQiUyMG1hcmdpbi1ib3R0b20lM0ElMjAyMHB4JTNCJTIyJTNFRGVudHJvJTIwZGUlMjBsYXMlMjBpbnN0aXR1Y2lvbmVzJTIwZmluYW5jaWVyYXMlMjBwdWVkZW4lMjBvY3VwYXIlMjBsb3MlMjBjYXJnb3MlMjBkZSUzQSUzQyUyRnAlM0UlMEElMEElM0N1bCUyMGNsYXNzJTNEJTIyYXJyb3ctcmlnaHQlMjIlM0UlMEElMjAlMDklM0NsaSUyMHN0eWxlJTNEJTIydGV4dC1hbGlnbiUzQSUyMGxlZnQlM0IlMjIlM0UlM0NzcGFuJTNFQXNlc29yZXMlMjBmaW5hbmNpZXJvcy4lM0MlMkZzcGFuJTNFJTNDJTJGbGklM0UlMEElMjAlMDklM0NsaSUyMHN0eWxlJTNEJTIydGV4dC1hbGlnbiUzQSUyMGxlZnQlM0IlMjIlM0UlM0NzcGFuJTNFRWplY3V0aXZvcyUyMGRlJTIwY2FwdGFjaSVDMyVCM24lMjB5JTIwY29sb2NhY2klQzMlQjNuLiUzQyUyRnNwYW4lM0UlM0MlMkZsaSUzRSUwQSUyMCUwOSUzQ2xpJTIwc3R5bGUlM0QlMjJ0ZXh0LWFsaWduJTNBJTIwbGVmdCUzQiUyMiUzRSUzQ3NwYW4lM0VFamVjdXRpdm9zJTIwZGUlMjBuZWdvY2lvcy4lM0MlMkZzcGFuJTNFJTNDJTJGbGklM0UlMEElMjAlMDklM0NsaSUyMHN0eWxlJTNEJTIydGV4dC1hbGlnbiUzQSUyMGxlZnQlM0IlMjIlM0UlM0NzcGFuJTNFRWplY3V0aXZvcyUyMGRlJTIwY3IlQzMlQTlkaXRvcyUyMFBZTUVTLiUzQyUyRnNwYW4lM0UlM0MlMkZsaSUzRSUwQSUyMCUwOSUzQ2xpJTIwc3R5bGUlM0QlMjJ0ZXh0LWFsaWduJTNBJTIwbGVmdCUzQiUyMiUzRSUzQ3NwYW4lM0VSZXNwb25zYWJsZSUyMGRlJTIwb3BlcmFjaW9uZXMlMkMlMjBlbnRyZSUyMG90cmFzJTIwZXhjZWxlbnRlcyUyMG9wb3J0dW5pZGFkZXMlMjBsYWJvcmFsZXMuJTNDJTJGc3BhbiUzRSUzQyUyRmxpJTNFJTBBJTNDJTJGdWwlM0U=[\/vc_raw_html][vc_column_text]<\/p>\n<p class=\"color-vine font-bold p-40\" style=\"text-align: left; margin-bottom: 0.8em;\">Datos Ecuador:<\/p>\n<p><img loading=\"lazy\" decoding=\"async\" class=\"alignnone size-medium wp-image-73\" src=\"https:\/\/taf.tecazuay.edu.ec\/wp-content\/uploads\/2022\/04\/grafica-carrera.svg\" alt=\"\" width=\"1\" height=\"1\" \/><img loading=\"lazy\" decoding=\"async\" class=\"aligncenter wp-image-451 size-large\" src=\"https:\/\/taf.tecazuay.edu.ec\/wp-content\/uploads\/2022\/04\/CUADROS-EXPORT-04-e1651191427763-826x1024.png\" alt=\"\" width=\"826\" height=\"1024\" srcset=\"https:\/\/taf.tecazuay.edu.ec\/wp-content\/uploads\/2022\/04\/CUADROS-EXPORT-04-e1651191427763-826x1024.png 826w, https:\/\/taf.tecazuay.edu.ec\/wp-content\/uploads\/2022\/04\/CUADROS-EXPORT-04-e1651191427763-242x300.png 242w, https:\/\/taf.tecazuay.edu.ec\/wp-content\/uploads\/2022\/04\/CUADROS-EXPORT-04-e1651191427763-768x953.png 768w, https:\/\/taf.tecazuay.edu.ec\/wp-content\/uploads\/2022\/04\/CUADROS-EXPORT-04-e1651191427763-1238x1536.png 1238w, https:\/\/taf.tecazuay.edu.ec\/wp-content\/uploads\/2022\/04\/CUADROS-EXPORT-04-e1651191427763.png 1281w\" sizes=\"auto, (max-width: 826px) 100vw, 826px\" \/>[\/vc_column_text][vc_column_text]<\/p>\n<p class=\"color-vine font-bold p-40\" style=\"text-align: left; margin-bottom: 0.8em;\">Nuevas cohortes:<\/p>\n<p style=\"text-align: left;\">El n\u00famero de cupos y la apertura de una nueva cohorte para la carrera de Tecnolog\u00eda en Asesor\u00eda Financiera bajo Formaci\u00f3n Dual depende de la demanda de formaci\u00f3n de las instituciones financieras.<\/p>\n<p>[\/vc_column_text][vc_empty_space][vc_column_text]<\/p>\n<div class=\"vc_row wpb_row vc_inner vc_row-fluid vc_column-gap-30 vc_row-o-equal-height vc_row-flex testimonio-taf\">\n<div class=\"wpb_column vc_column_container vc_col-sm-6 vc_col-has-fill\" style=\"background-size: cover; background-image: url('https:\/\/taf.tecazuay.edu.ec\/wp-content\/uploads\/2022\/04\/testimonio-la-carrera.jpg');\"><\/div>\n<div class=\"paddign-block wpb_column vc_column_container vc_col-sm-6 vc_col-has-fill bg-light-grey\">\n<div>\n<p>\u201cPara nosotros, los estudiantes cuentan con un puesto asegurado, si tienen las aptitudes y competencias despu\u00e9s de que se grad\u00faan. La instituci\u00f3n les puede ubicar en una plaza, y obtendr\u00e1n crecimiento personal y profesional.\u201d<\/p>\n<p><strong>Iv\u00e1n Sarmiento<\/strong><\/p>\n<p>Gerente general<br \/>\nCooperativa de Ahorro y Cr\u00e9dito Santa Isabel<\/p>\n<\/div>\n<\/div>\n<\/div>\n<p>[\/vc_column_text][\/vc_column_inner][\/vc_row_inner][\/vc_column][\/vc_row]<\/p>\n","protected":false},"excerpt":{"rendered":"<p>[vc_row full_width=\u00bbstretch_row_content_no_spaces\u00bb css=\u00bb.vc_custom_1651251187082{background-image: url(https:\/\/taf.tecazuay.edu.ec\/wp-content\/uploads\/2022\/04\/CARRERA-INFORMACION-1.jpg?id=492) !important;background-position: center !important;background-repeat: no-repeat !important;background-size: cover !important;}\u00bb el_class=\u00bbbg-inter-page d-none-mobile\u00bb][vc_column][vc_empty_space height=\u00bb600px\u00bb][\/vc_column][\/vc_row][vc_row full_width=\u00bbstretch_row_content_no_spaces\u00bb css=\u00bb.vc_custom_1650491818427{background-position: center !important;background-repeat: no-repeat !important;background-size: cover !important;}\u00bb el_class=\u00bbbg-inter-page d-none-desktop\u00bb][vc_column][vc_raw_html]JTNDaW1nJTIwY2xhc3MlM0QlMjJhbGlnbm5vbmUlMjBzaXplLWZ1bGwlMjBwYXJhbGxheC1pbWclMjIlMjBzdHlsZSUzRCUyMndpZHRoJTNBJTIwMTAwJTI1JTNCJTIyJTIwc3JjJTNEJTIyaHR0cHMlM0ElMkYlMkZ0YWZmb3JtYWNpb25kdWFsLm9yZyUyRndwLWNvbnRlbnQlMkZ1cGxvYWRzJTJGMjAyMiUyRjA0JTJGQ0FSUkVSQS1JTkZPUk1BQ0lPTi0xLmpwZyUyMiUyMCUyRiUzRQ==[\/vc_raw_html][\/vc_column][\/vc_row][vc_row el_class=\u00bbcontent-80&#8243;][vc_column][vc_empty_space height=\u00bb120px\u00bb el_class=\u00bbvc_empty_space-40&#8243;][vc_row_inner gap=\u00bb30&#8243;][vc_column_inner width=\u00bb1\/4&#8243;][vc_column_text] La carrera Informaci\u00f3n general Estructura de la carrera Horarios y malla curricular Preguntas frecuentes Descargar prospecto[\/vc_column_text][\/vc_column_inner][vc_column_inner width=\u00bb3\/4&#8243;][vc_column_text] Datos generales de la carrera T\u00edtulo que otorga: Tecn\u00f3logo\/a &hellip;<\/p>\n<p class=\"read-more\"> <a class=\"\" href=\"https:\/\/taf.tecazuay.edu.ec\/?page_id=47\"> <span class=\"screen-reader-text\">La carrera<\/span> Leer m\u00e1s &raquo;<\/a><\/p>\n","protected":false},"author":1,"featured_media":0,"parent":0,"menu_order":0,"comment_status":"closed","ping_status":"closed","template":"","meta":{"site-sidebar-layout":"no-sidebar","site-content-layout":"page-builder","ast-main-header-display":"","ast-hfb-above-header-display":"","ast-hfb-below-header-display":"","ast-hfb-mobile-header-display":"","site-post-title":"disabled","ast-breadcrumbs-content":"disabled","ast-featured-img":"","footer-sml-layout":"","theme-transparent-header-meta":"default","adv-header-id-meta":"","stick-header-meta":"","header-above-stick-meta":"","header-main-stick-meta":"","header-below-stick-meta":"","footnotes":""},"class_list":["post-47","page","type-page","status-publish","hentry"],"_links":{"self":[{"href":"https:\/\/taf.tecazuay.edu.ec\/index.php?rest_route=\/wp\/v2\/pages\/47","targetHints":{"allow":["GET"]}}],"collection":[{"href":"https:\/\/taf.tecazuay.edu.ec\/index.php?rest_route=\/wp\/v2\/pages"}],"about":[{"href":"https:\/\/taf.tecazuay.edu.ec\/index.php?rest_route=\/wp\/v2\/types\/page"}],"author":[{"embeddable":true,"href":"https:\/\/taf.tecazuay.edu.ec\/index.php?rest_route=\/wp\/v2\/users\/1"}],"replies":[{"embeddable":true,"href":"https:\/\/taf.tecazuay.edu.ec\/index.php?rest_route=%2Fwp%2Fv2%2Fcomments&post=47"}],"version-history":[{"count":48,"href":"https:\/\/taf.tecazuay.edu.ec\/index.php?rest_route=\/wp\/v2\/pages\/47\/revisions"}],"predecessor-version":[{"id":615,"href":"https:\/\/taf.tecazuay.edu.ec\/index.php?rest_route=\/wp\/v2\/pages\/47\/revisions\/615"}],"wp:attachment":[{"href":"https:\/\/taf.tecazuay.edu.ec\/index.php?rest_route=%2Fwp%2Fv2%2Fmedia&parent=47"}],"curies":[{"name":"wp","href":"https:\/\/api.w.org\/{rel}","templated":true}]}}