{"id":5,"date":"2022-04-07T09:53:39","date_gmt":"2022-04-07T14:53:39","guid":{"rendered":"http:\/\/taf.tecazuay.edu.ec\/?page_id=5"},"modified":"2022-06-09T12:33:46","modified_gmt":"2022-06-09T17:33:46","slug":"inicio","status":"publish","type":"page","link":"https:\/\/taf.tecazuay.edu.ec\/","title":{"rendered":"Inicio"},"content":{"rendered":"<p>[vc_row full_width=\u00bbstretch_row_content_no_spaces\u00bb el_class=\u00bbdnone-desktop-410&#8243;][vc_column][vc_single_image image=\u00bb596&#8243; img_size=\u00bbfull\u00bb][vc_single_image image=\u00bb189&#8243; img_size=\u00bbfull\u00bb el_class=\u00bbverreel reel\u00bb][\/vc_column][\/vc_row][vc_row full_width=\u00bbstretch_row_content_no_spaces\u00bb el_class=\u00bbdnone-410&#8243;][vc_column]\n\t\t\t<!-- START original REVOLUTION SLIDER 6.5.6 --><p class=\"rs-p-wp-fix\"><\/p>\n\t\t\t<rs-module-wrap id=\"rev_slider_1_1_wrapper\" data-source=\"gallery\" style=\"visibility:hidden;background:transparent;padding:0;margin:0px auto;margin-top:0;margin-bottom:0;\">\n\t\t\t\t<rs-module id=\"rev_slider_1_1\" style=\"\" data-version=\"6.5.6\">\n\t\t\t\t\t<rs-slides>\n\t\t\t\t\t\t<rs-slide style=\"position: absolute;\" data-key=\"rs-1\" data-title=\"Slide\" data-in=\"o:0;\" data-out=\"a:false;\">\n\t\t\t\t\t\t\t<img loading=\"lazy\" decoding=\"async\" src=\"\/\/taf.tecazuay.edu.ec\/wp-content\/plugins\/revslider\/public\/assets\/assets\/dummy.png\" title=\"taf-portada-home\" width=\"2560\" height=\"1480\" class=\"rev-slidebg tp-rs-img rs-lazyload\" data-lazyload=\"\/\/taf.tecazuay.edu.ec\/wp-content\/uploads\/2022\/06\/taf-portada-home.jpg\" data-parallax=\"15\" data-no-retina>\n<!--\n\t\t\t\t\t\t\t--><rs-layer\n\t\t\t\t\t\t\t\tid=\"slider-1-slide-1-layer-0\" \n\t\t\t\t\t\t\t\tdata-type=\"text\"\n\t\t\t\t\t\t\t\tdata-color=\"#ff0000\"\n\t\t\t\t\t\t\t\tdata-rsp_ch=\"on\"\n\t\t\t\t\t\t\t\tdata-xy=\"xo:219px,220px,91px,24px;y:m;yo:-242px,-189px,-234px,-185px;\"\n\t\t\t\t\t\t\t\tdata-text=\"w:normal;s:50,37,20,24;l:52,39,21,24;\"\n\t\t\t\t\t\t\t\tdata-dim=\"w:auto,auto,213.517px,224px;\"\n\t\t\t\t\t\t\t\tdata-frame_0=\"x:0,0,0px,0px;y:0,0,0px,0px;\"\n\t\t\t\t\t\t\t\tdata-frame_1=\"x:-111px,-83px,-43px,-26px;y:2px,1px,0px,0px;sR:10;\"\n\t\t\t\t\t\t\t\tdata-frame_999=\"o:0;st:w;sR:8690;\"\n\t\t\t\t\t\t\t\tstyle=\"z-index:12;font-family:'Roboto';\"\n\t\t\t\t\t\t\t><div class=\"pslider\"><span class=\"font-bold color-secondary \" style=\"color: red sr-1\" '>Estudia una carrera con <br \/>\namplias oportunidades <br \/>\nlaborales.<\/span><\/div> \n\t\t\t\t\t\t\t<\/rs-layer><!--\n\n\t\t\t\t\t\t\t--><rs-layer\n\t\t\t\t\t\t\t\tid=\"slider-1-slide-1-layer-1\" \n\t\t\t\t\t\t\t\tclass=\"popmake-482\"\n\t\t\t\t\t\t\t\tdata-type=\"image\"\n\t\t\t\t\t\t\t\tdata-rsp_ch=\"on\"\n\t\t\t\t\t\t\t\tdata-xy=\"xo:210px,209px,91px,252px;y:m;yo:136px,183px,-10px,47px;\"\n\t\t\t\t\t\t\t\tdata-text=\"w:normal;s:20,15,8,4;l:0,18,9,6;\"\n\t\t\t\t\t\t\t\tdata-dim=\"w:186px,139px,126px,104px;h:41px,30px,28px,23px;\"\n\t\t\t\t\t\t\t\tdata-vbility=\"t,t,t,f\"\n\t\t\t\t\t\t\t\tdata-actions='o:click;a:callback;'\n\t\t\t\t\t\t\t\tdata-frame_1=\"x:-101px,-75px,-40px,-24px;y:-10px,-7px,-3px,-1px;\"\n\t\t\t\t\t\t\t\tdata-frame_999=\"o:0;st:w;sR:8700;\"\n\t\t\t\t\t\t\t\tstyle=\"z-index:11;\"\n\t\t\t\t\t\t\t><img loading=\"lazy\" decoding=\"async\" src=\"\/\/taf.tecazuay.edu.ec\/wp-content\/plugins\/revslider\/public\/assets\/assets\/dummy.png\" class=\"tp-rs-img rs-lazyload\" width=\"325\" height=\"72\" data-lazyload=\"\/\/taf.tecazuay.edu.ec\/wp-content\/uploads\/2022\/04\/Grupo-95@2x.png\" data-no-retina> \n\t\t\t\t\t\t\t<\/rs-layer><!--\n\n\t\t\t\t\t\t\t--><rs-layer\n\t\t\t\t\t\t\t\tid=\"slider-1-slide-1-layer-3\" \n\t\t\t\t\t\t\t\tdata-type=\"image\"\n\t\t\t\t\t\t\t\tdata-rsp_ch=\"on\"\n\t\t\t\t\t\t\t\tdata-xy=\"xo:204px,209px,76px,59px;y:m;yo:-37px,-35px,-107px,-138px;\"\n\t\t\t\t\t\t\t\tdata-text=\"w:normal;s:20,15,8,4;l:0,18,9,6;\"\n\t\t\t\t\t\t\t\tdata-dim=\"w:68px,51px,45px,27px;h:78px,58px,52px,32px;\"\n\t\t\t\t\t\t\t\tdata-vbility=\"t,t,t,f\"\n\t\t\t\t\t\t\t\tdata-frame_1=\"x:-101px,-75px,-40px,-24px;y:-10px,-7px,-3px,-1px;\"\n\t\t\t\t\t\t\t\tdata-frame_999=\"o:0;st:w;sR:8700;\"\n\t\t\t\t\t\t\t\tstyle=\"z-index:10;\"\n\t\t\t\t\t\t\t><img decoding=\"async\" src=\"\/\/taf.tecazuay.edu.ec\/wp-content\/plugins\/revslider\/public\/assets\/assets\/dummy.png\" class=\"tp-rs-img rs-lazyload\" data-lazyload=\"\/\/taf.tecazuay.edu.ec\/wp-content\/uploads\/2022\/04\/icono-home2.svg\" data-no-retina> \n\t\t\t\t\t\t\t<\/rs-layer><!--\n\n\t\t\t\t\t\t\t--><rs-layer\n\t\t\t\t\t\t\t\tid=\"slider-1-slide-1-layer-4\" \n\t\t\t\t\t\t\t\tdata-type=\"text\"\n\t\t\t\t\t\t\t\tdata-color=\"#3c3b3a\"\n\t\t\t\t\t\t\t\tdata-rsp_ch=\"on\"\n\t\t\t\t\t\t\t\tdata-xy=\"xo:278px,260px,150px,25px;y:m;yo:-39px,-33px,-99px,-30px;\"\n\t\t\t\t\t\t\t\tdata-text=\"w:normal;s:30,22,18,18;l:30,22,15,22;\"\n\t\t\t\t\t\t\t\tdata-dim=\"w:auto,auto,auto,222.981px;\"\n\t\t\t\t\t\t\t\tdata-frame_1=\"x:-78px,-58px,-39px,-24px;y:-13px,-9px,-6px,-3px;\"\n\t\t\t\t\t\t\t\tdata-frame_999=\"o:0;st:w;sR:8700;\"\n\t\t\t\t\t\t\t\tstyle=\"z-index:8;font-family:'Roboto';\"\n\t\t\t\t\t\t\t><div class=\"pslider-1\"><span class=\"font-semibold \">Tecnolog\u00eda Superior en <br \/>\n    Asesor\u00eda Financiera <br \/>\n    en el Instituto Superior<br \/>\n    Tecnol\u00f3gico del Azuay<\/span><\/div> \n\t\t\t\t\t\t\t<\/rs-layer><!--\n-->\t\t\t\t\t\t<\/rs-slide>\n\t\t\t\t\t<\/rs-slides>\n\t\t\t\t<\/rs-module>\n\t\t\t\t<script type=\"text\/javascript\">\n\t\t\t\t\tsetREVStartSize({c: 'rev_slider_1_1',rl:[1240,1024,778,480],el:[900,768,750,600],gw:[1920,1440,777,480],gh:[900,768,750,600],type:'hero',justify:'',layout:'fullwidth',mh:\"0\"});if (window.RS_MODULES!==undefined && window.RS_MODULES.modules!==undefined && window.RS_MODULES.modules[\"revslider11\"]!==undefined) {window.RS_MODULES.modules[\"revslider11\"].once = false;window.revapi1 = undefined;if (window.RS_MODULES.checkMinimal!==undefined) window.RS_MODULES.checkMinimal()}\n\t\t\t\t<\/script>\n\t\t\t<\/rs-module-wrap>\n\t\t\t<!-- END REVOLUTION SLIDER -->\n[\/vc_column][\/vc_row][vc_row][vc_column][vc_empty_space height=\u00bb70px\u00bb][vc_column_text]<\/p>\n<p class=\"color-primary font-bold p-24\" style=\"text-align: center;\">\u00bfPor qu\u00e9 estudiar Tecnolog\u00eda Superior en Asesor\u00eda Financiera?<\/p>\n<p>[\/vc_column_text][vc_empty_space height=\u00bb70px\u00bb][\/vc_column][\/vc_row][vc_row el_class=\u00bbd-none-mobile d-none-tablet\u00bb][vc_column width=\u00bb1\/5&#8243;][\/vc_column][vc_column width=\u00bb1\/5&#8243; el_class=\u00bbcol-icon\u00bb][vc_single_image image=\u00bb16&#8243; img_size=\u00bb60 x 80&#8243; alignment=\u00bbcenter\u00bb el_class=\u00bbsvg-img-w-60&#8243;][vc_column_text el_class=\u00bbalign-vert-text\u00bb]<\/p>\n<p class=\"font-bold p-32 color-secondary\" style=\"text-align: center;\">Es una carrera corta y gratuita<\/p>\n<p>[\/vc_column_text][vc_column_text]<\/p>\n<p class=\" \" style=\"text-align: center;\">En solo dos a\u00f1os y medio podr\u00e1s obtener un t\u00edtulo de tercer nivel, lo que te permitir\u00e1 acceder al mundo laboral en menor tiempo.<\/p>\n<p>[\/vc_column_text][\/vc_column][vc_column width=\u00bb1\/5&#8243; el_class=\u00bbcol-icon\u00bb][vc_single_image image=\u00bb12&#8243; img_size=\u00bb60 x 80&#8243; alignment=\u00bbcenter\u00bb el_class=\u00bbsvg-img-w-60&#8243;][vc_column_text el_class=\u00bbalign-vert-text\u00bb]<\/p>\n<p class=\"font-bold p-32 color-secondary\" style=\"text-align: center;\">Aprendes con formaci\u00f3n dual<\/p>\n<p>[\/vc_column_text][vc_column_text]<\/p>\n<p class=\" \" style=\"text-align: center;\">Un sistema alem\u00e1n: 50% formaci\u00f3n te\u00f3rica en aulas y 50% formaci\u00f3n pr\u00e1ctica en una instituci\u00f3n financiera.<\/p>\n<p>[\/vc_column_text][\/vc_column][vc_column width=\u00bb1\/5&#8243; el_class=\u00bbcol-icon\u00bb][vc_single_image image=\u00bb14&#8243; img_size=\u00bb60 x 80&#8243; alignment=\u00bbcenter\u00bb el_class=\u00bbsvg-img-w-60&#8243;][vc_column_text el_class=\u00bbalign-vert-text\u00bb]<\/p>\n<p class=\"font-bold p-32 color-secondary\" style=\"text-align: center;\">T\u00edtulo de tercer nivel m\u00e1s certificaci\u00f3n alemana<\/p>\n<p>[\/vc_column_text][vc_column_text]<\/p>\n<p class=\" \" style=\"text-align: center;\">T\u00edtulo de Tecn\u00f3logo\/a Superior en Asesor\u00eda Financiera y una certificaci\u00f3n alemana.<\/p>\n<p>[\/vc_column_text][\/vc_column][vc_column width=\u00bb1\/5&#8243;][\/vc_column][\/vc_row][vc_row el_class=\u00bbcontent-70 list-sub d-none-desktop d-none-tablet\u00bb][vc_column width=\u00bb1\/3&#8243;][vc_single_image image=\u00bb16&#8243; img_size=\u00bb60 x 80&#8243; alignment=\u00bbcenter\u00bb el_class=\u00bbsvg-img-w-60&#8243;][vc_column_text el_class=\u00bbalign-vert-text\u00bb]<\/p>\n<p class=\"font-bold p-32 color-secondary\" style=\"text-align: center;\">Es una carrera corta y gratuita<\/p>\n<p>[\/vc_column_text][vc_column_text]<\/p>\n<p class=\" \" style=\"text-align: center;\">En solo dos a\u00f1os y medio podr\u00e1s obtener un t\u00edtulo de tercer nivel, lo que te permitir\u00e1 acceder al mundo laboral en menor tiempo.<\/p>\n<p>[\/vc_column_text][\/vc_column][vc_column width=\u00bb1\/3&#8243;][vc_single_image image=\u00bb12&#8243; img_size=\u00bb60 x 80&#8243; alignment=\u00bbcenter\u00bb el_class=\u00bbsvg-img-w-60&#8243;][vc_column_text el_class=\u00bbalign-vert-text\u00bb]<\/p>\n<p class=\"font-bold p-32 color-secondary\" style=\"text-align: center;\">Aprendes con formaci\u00f3n dual<\/p>\n<p>[\/vc_column_text][vc_column_text]<\/p>\n<p class=\" \" style=\"text-align: center;\">Un sistema alem\u00e1n: 50% formaci\u00f3n te\u00f3rica en aulas y 50% formaci\u00f3n pr\u00e1ctica en una instituci\u00f3n financiera.<\/p>\n<p>[\/vc_column_text][\/vc_column][vc_column width=\u00bb1\/3&#8243;][vc_single_image image=\u00bb14&#8243; img_size=\u00bb60 x 80&#8243; alignment=\u00bbcenter\u00bb el_class=\u00bbsvg-img-w-60&#8243;][vc_column_text el_class=\u00bbalign-vert-text\u00bb]<\/p>\n<p class=\"font-bold p-32 color-secondary\" style=\"text-align: center;\">T\u00edtulo de tercer nivel m\u00e1s certificaci\u00f3n alemana<\/p>\n<p>[\/vc_column_text][vc_column_text]<\/p>\n<p class=\" \" style=\"text-align: center;\">T\u00edtulo de Tecn\u00f3logo\/a Superior en Asesor\u00eda Financiera y una certificaci\u00f3n alemana.<\/p>\n<p>[\/vc_column_text][\/vc_column][\/vc_row][vc_row el_class=\u00bbcontent-70&#8243; el_id=\u00bbtaf-inicio-descripcion\u00bb][vc_column][vc_row_inner equal_height=\u00bbyes\u00bb gap=\u00bb30&#8243;][vc_column_inner el_class=\u00bbimg-bg\u00bb width=\u00bb1\/2&#8243; css=\u00bb.vc_custom_1649450129593{background-image: url(https:\/\/taf.tecazuay.edu.ec\/wp-content\/uploads\/2022\/04\/imagenes-taf-home-2.png?id=28) !important;background-position: center !important;background-repeat: no-repeat !important;background-size: cover !important;}\u00bb][\/vc_column_inner][vc_column_inner el_class=\u00bbpaddign-block\u00bb width=\u00bb1\/2&#8243; css=\u00bb.vc_custom_1649350799674{background-color: #eaeaea !important;}\u00bb][vc_column_text]<\/p>\n<div class=\"d-flex\">\n<div class=\"imgen left \"><img loading=\"lazy\" decoding=\"async\" class=\"alignnone size-medium wp-image-11\" src=\"https:\/\/taf.tecazuay.edu.ec\/wp-content\/uploads\/2022\/04\/icono-home-1.svg\" alt=\"\" width=\"30\" height=\"50\" \/><\/div>\n<div class=\"text left \" style=\"padding-left: 10px;\"><span class=\"font-semibold color-primary p-30\">Amplio<br \/>\ncampo laboral<\/span><\/div>\n<\/div>\n<p class=\"p-19\">Prep\u00e1rate para ingresar al mundo financiero como:<\/p>\n<ul class=\"arrow-right\">\n<li>Asesor financiero.<\/li>\n<li>Ejecutivo de captaci\u00f3n y colocaci\u00f3n.<\/li>\n<li>Ejecutivo de negocios.<\/li>\n<li>Ejecutivo de cr\u00e9ditos.<\/li>\n<li>PYMES Responsable de operaciones.<\/li>\n<li>Otros cargos importantes.<\/li>\n<\/ul>\n<p>[\/vc_column_text][vc_column_text][\/vc_column_text][\/vc_column_inner][\/vc_row_inner][vc_row_inner equal_height=\u00bbyes\u00bb gap=\u00bb30&#8243; el_class=\u00bbrow-2-services\u00bb][vc_column_inner el_class=\u00bbpaddign-block\u00bb width=\u00bb1\/2&#8243; css=\u00bb.vc_custom_1650129507819{background-color: #ff0000 !important;}\u00bb][vc_column_text]<\/p>\n<div class=\"d-flex\">\n<div class=\"imgen left \"><img loading=\"lazy\" decoding=\"async\" class=\"alignnone size-medium wp-image-11\" src=\"https:\/\/taf.tecazuay.edu.ec\/wp-content\/uploads\/2022\/04\/icono-home-7.svg\" alt=\"\" width=\"30\" height=\"50\" \/><\/div>\n<div class=\"text left \" style=\"padding-left: 10px;\"><span class=\"font-semibold color-blank p-40\">50% te\u00f3rica<\/span><\/div>\n<div><\/div>\n<\/div>\n<p class=\"color-blank p-18\">Adquiere conocimientos te\u00f3ricos en el <span class=\"font-bold color-blank\">Instituto Superior Tecnol\u00f3gico del Azuay<\/span> en Cuenca, un instituto p\u00fablico acreditado por el CACES.<\/p>\n<p>&nbsp;<\/p>\n<div class=\"d-flex practica\">\n<div class=\"imgen left \"><img loading=\"lazy\" decoding=\"async\" class=\"alignnone size-medium wp-image-11\" src=\"https:\/\/taf.tecazuay.edu.ec\/wp-content\/uploads\/2022\/04\/icono-home-8.svg\" alt=\"\" width=\"30\" height=\"50\" \/><\/div>\n<div><\/div>\n<div class=\"text left \" style=\"padding-left: 10px;\"><span class=\"font-semibold color-blank p-40\">50% pr\u00e1ctica<\/span><\/div>\n<div><\/div>\n<\/div>\n<p class=\"color-blank p-18\">Adquieres experiencia en una instituci\u00f3n financiera, en donde pondr\u00e1s en pr\u00e1ctica los conocimientos aprendidos en el aula.<\/p>\n<p>[\/vc_column_text][\/vc_column_inner][vc_column_inner el_class=\u00bbimg-bg\u00bb width=\u00bb1\/2&#8243; css=\u00bb.vc_custom_1649450133187{background-image: url(https:\/\/taf.tecazuay.edu.ec\/wp-content\/uploads\/2022\/04\/imagenes-taf-home-3.png?id=29) !important;background-position: center !important;background-repeat: no-repeat !important;background-size: cover !important;}\u00bb][\/vc_column_inner][\/vc_row_inner][vc_row_inner equal_height=\u00bbyes\u00bb gap=\u00bb30&#8243;][vc_column_inner el_class=\u00bbimg-bg\u00bb width=\u00bb1\/2&#8243; css=\u00bb.vc_custom_1649450139619{background-image: url(https:\/\/taf.tecazuay.edu.ec\/wp-content\/uploads\/2022\/04\/imagenes-taf-home-1.png?id=27) !important;background-position: center !important;background-repeat: no-repeat !important;background-size: cover !important;}\u00bb][\/vc_column_inner][vc_column_inner el_class=\u00bbpaddign-block\u00bb width=\u00bb1\/2&#8243; css=\u00bb.vc_custom_1649350799674{background-color: #eaeaea !important;}\u00bb][vc_column_text]<\/p>\n<div class=\"d-flex\">\n<div class=\"imgen left \"><img loading=\"lazy\" decoding=\"async\" class=\"alignnone wp-image-11 size-medium\" src=\"https:\/\/taf.tecazuay.edu.ec\/wp-content\/uploads\/2022\/04\/icono-home-4.svg\" alt=\"\" width=\"30\" height=\"50\" \/><\/div>\n<div class=\"text left \" style=\"padding-left: 10px;\"><span class=\"font-semibold color-primary p-30\">Desarrolla<br \/>\ntu potencial<\/span><\/div>\n<\/div>\n<p>TAF es para ti si tienes:<\/p>\n<ul class=\"arrow-right competencias\">\n<li>100% de disponibilidad de tiempo para tu formaci\u00f3n.<\/li>\n<li>Razonamiento l\u00f3gico.<\/li>\n<li>Razonamiento num\u00e9rico.<\/li>\n<li>Motivaci\u00f3n para el desempe\u00f1o profesional (Iniciativa, esfuerzo para adquirir conocimientos, esfuerzo profesional, competitividad, orientaci\u00f3n hacia las tareas).<\/li>\n<li>Integridad.<\/li>\n<li>Minuciosidad.<\/li>\n<li>Autoconfianza.<\/li>\n<li>Curiosidad.<\/li>\n<li>Competencias sociales.<\/li>\n<li>Orientaci\u00f3n al cliente.<\/li>\n<\/ul>\n<p>[\/vc_column_text][vc_column_text][\/vc_column_text][\/vc_column_inner][\/vc_row_inner][vc_empty_space height=\u00bb50px\u00bb][\/vc_column][\/vc_row][vc_row full_width=\u00bbstretch_row_content_no_spaces\u00bb css=\u00bb.vc_custom_1649352386306{background-color: #f2f2f2 !important;}\u00bb][vc_column][vc_empty_space height=\u00bb40px\u00bb][vc_column_text el_class=\u00bblogos\u00bb]<\/p>\n<p class=\"color-primary font-bold p-24\" style=\"text-align: center; padding: 0 3rem;\">Puedes formar parte de estas prestigiosas instituciones financieras:<\/p>\n<p>[\/vc_column_text][vc_empty_space height=\u00bb70px\u00bb][vc_row_inner content_placement=\u00bbmiddle\u00bb gap=\u00bb30&#8243; el_class=\u00bbcontent-80 m-auto logos\u00bb][vc_column_inner width=\u00bb1\/5&#8243;][vc_single_image image=\u00bb36&#8243; img_size=\u00bbfull\u00bb alignment=\u00bbcenter\u00bb][\/vc_column_inner][vc_column_inner width=\u00bb1\/5&#8243;][vc_single_image image=\u00bb35&#8243; img_size=\u00bbfull\u00bb alignment=\u00bbcenter\u00bb][\/vc_column_inner][vc_column_inner width=\u00bb1\/5&#8243;][vc_single_image image=\u00bb42&#8243; img_size=\u00bbfull\u00bb alignment=\u00bbcenter\u00bb][\/vc_column_inner][vc_column_inner width=\u00bb1\/5&#8243;][vc_single_image image=\u00bb40&#8243; img_size=\u00bbfull\u00bb alignment=\u00bbcenter\u00bb][\/vc_column_inner][vc_column_inner width=\u00bb1\/5&#8243;][vc_single_image image=\u00bb39&#8243; img_size=\u00bbfull\u00bb alignment=\u00bbcenter\u00bb][\/vc_column_inner][\/vc_row_inner][vc_row_inner content_placement=\u00bbmiddle\u00bb gap=\u00bb30&#8243; el_class=\u00bbcontent-80 m-auto logos\u00bb][vc_column_inner width=\u00bb1\/5&#8243;][vc_single_image image=\u00bb37&#8243; img_size=\u00bbfull\u00bb alignment=\u00bbcenter\u00bb][\/vc_column_inner][vc_column_inner width=\u00bb1\/5&#8243;][vc_single_image image=\u00bb38&#8243; img_size=\u00bbfull\u00bb alignment=\u00bbcenter\u00bb][\/vc_column_inner][vc_column_inner width=\u00bb1\/5&#8243;][vc_single_image image=\u00bb43&#8243; img_size=\u00bbfull\u00bb alignment=\u00bbcenter\u00bb][\/vc_column_inner][vc_column_inner width=\u00bb1\/5&#8243;][vc_single_image image=\u00bb34&#8243; img_size=\u00bbfull\u00bb alignment=\u00bbcenter\u00bb][\/vc_column_inner][vc_column_inner width=\u00bb1\/5&#8243;][vc_single_image image=\u00bb41&#8243; img_size=\u00bbfull\u00bb alignment=\u00bbcenter\u00bb][\/vc_column_inner][\/vc_row_inner][vc_empty_space height=\u00bb100px\u00bb][\/vc_column][\/vc_row][vc_row][vc_column width=\u00bb1\/6&#8243;][\/vc_column][vc_column width=\u00bb2\/3&#8243;][vc_tta_pageable no_fill_content_area=\u00bbtrue\u00bb autoplay=\u00bb5&#8243; active_section=\u00bb1&#8243;][vc_tta_section title=\u00bbSection 1&#8243; tab_id=\u00bb1649353437501-b91a5c4d-188e\u00bb][vc_row_inner][vc_column_inner][vc_column_text]<\/p>\n<div class=\"vc_row wpb_row vc_inner vc_row-fluid vc_column-gap-30 vc_row-o-equal-height vc_row-flex testimonio-taf\">\n<div class=\"wpb_column vc_column_container vc_col-sm-6 vc_col-has-fill\" style=\"background-size: cover; background-image: url('https:\/\/taf.tecazuay.edu.ec\/wp-content\/uploads\/2022\/04\/testimonio-de-la-formacion-dual-2.jpg');\"><\/div>\n<div class=\"paddign-block wpb_column vc_column_container vc_col-sm-6 vc_col-has-fill bg-light-grey\">\n<div>\n<p>\u201cRecomiendo mucho a j\u00f3venes que estudien esta carrera, es muy pr\u00e1ctica y corta.<\/p>\n<p>Aprendes en el \u00e1mbito laboral: la parte te\u00f3rica, la parte pr\u00e1ctica, y conoces personas que te van a abrir muchas puertas. Conoces lo que es un trabajo, lo que es un esfuerzo.\u201d<\/p>\n<p><strong>Kevin Aguayza<\/strong><\/p>\n<p>Estudiante 2da cohorte<br \/>\nCooperativa de Ahorro y Cr\u00e9dito Educadores del Azuay<\/p>\n<\/div>\n<\/div>\n<\/div>\n<p>[\/vc_column_text][\/vc_column_inner][\/vc_row_inner][\/vc_tta_section][vc_tta_section title=\u00bbSection\u00bb tab_id=\u00bb1649446945905-c9244234-0aeb\u00bb][vc_column_text]<\/p>\n<div class=\"vc_row wpb_row vc_inner vc_row-fluid vc_column-gap-30 vc_row-o-equal-height vc_row-flex testimonio-taf\">\n<div class=\"wpb_column vc_column_container vc_col-sm-6 vc_col-has-fill\" style=\"background-size: cover; background-image: url('https:\/\/taf.tecazuay.edu.ec\/wp-content\/uploads\/2022\/04\/testimonio-de-la-formacion-dual-3.jpg');\"><\/div>\n<div class=\"paddign-block wpb_column vc_column_container vc_col-sm-6 vc_col-has-fill bg-light-grey\">\n<div>\n<p>\u201cLas instituciones financieras te aportan todos los elementos que son necesarios para un mejor desarrollo dentro del Instituto.\u201d<\/p>\n<p><strong>Andrea Barros<\/strong><\/p>\n<p>Graduada 1era cohorte<br \/>\nCooperativa de Ahorro y Cr\u00e9dito Jard\u00edn Azuayo<\/p>\n<\/div>\n<\/div>\n<\/div>\n<p>[\/vc_column_text][\/vc_tta_section][vc_tta_section title=\u00bbSection\u00bb tab_id=\u00bb1649446963129-26827415-c843&#8243;][vc_column_text]<\/p>\n<div class=\"vc_row wpb_row vc_inner vc_row-fluid vc_column-gap-30 vc_row-o-equal-height vc_row-flex testimonio-taf\">\n<div class=\"wpb_column vc_column_container vc_col-sm-6 vc_col-has-fill\" style=\"background-size: cover; background-image: url('https:\/\/taf.tecazuay.edu.ec\/wp-content\/uploads\/2022\/04\/testimonio-la-carrera-4.jpg');\"><\/div>\n<div class=\"paddign-block wpb_column vc_column_container vc_col-sm-6 vc_col-has-fill bg-light-grey\">\n<div>\n<p>\u201cLa gran ventaja es que se quedan a trabajar en las instituciones formadoras. Tal es el caso, que en nuestra instituci\u00f3n, la persona que tuvo esta formaci\u00f3n dual ya est\u00e1 trabajando.\u201d<\/p>\n<p><strong>Patricio Barzallo<\/strong><\/p>\n<p>Gerente general<br \/>\nCooperativa de Ahorro y Cr\u00e9dito CREA<\/p>\n<\/div>\n<\/div>\n<\/div>\n<p>[\/vc_column_text][\/vc_tta_section][\/vc_tta_pageable][\/vc_column][vc_column width=\u00bb1\/6&#8243;][\/vc_column][\/vc_row][vc_row full_width=\u00bbstretch_row_content_no_spaces\u00bb disable_element=\u00bbyes\u00bb css=\u00bb.vc_custom_1653496419078{background-position: center !important;background-repeat: no-repeat !important;background-size: cover !important;}\u00bb][vc_column][vc_raw_html]JTNDZGl2JTIwY2xhc3MlM0QlMjJ2Y19yb3clMjB3cGJfcm93JTIwdmNfaW5uZXIlMjB2Y19yb3ctZmx1aWQlMjB2Y19jb2x1bW4tZ2FwLTMwJTIwdmNfcm93LW8tZXF1YWwtaGVpZ2h0JTIwdmNfcm93LWZsZXglMjBlc2NyaWJlbm9zLXRhZiUyMiUzRSUwQSUzQ2RpdiUyMGNsYXNzJTNEJTIycGFkZGlnbi1ibG9jayUyMHdwYl9jb2x1bW4lMjB2Y19jb2x1bW5fY29udGFpbmVyJTIwdmNfY29sLXNtLTEyJTIwdmNfY29sLWhhcy1maWxsJTIwYmctc2Vjb25kYXJ5JTIyJTNFJTBBJTNDZGl2JTNFJTBBJTNDcCUyMGNsYXNzJTNEJTIyZm9udC1ib2xkJTIwcC00MCUyMGNvbG9yLWJsYW5rJTIyJTIwc3R5bGUlM0QlMjJ0ZXh0LWFsaWduJTNBJTIwY2VudGVyJTNCJTIyJTNFJUMyJUExUG9zdHVsYSUyMGElMjBsYSUyMGV4Y2VsZW5jaWElMjElM0MlMkZwJTNFJTBBJTNDcCUyMGNsYXNzJTNEJTIycC0xOCUyMGNvbG9yLWJsYW5rJTIyJTIwc3R5bGUlM0QlMjJ0ZXh0LWFsaWduJTNBJTIwY2VudGVyJTNCJTIyJTNFU29saWNpdGElMjBtJUMzJUExcyUyMGluZm9ybWFjaSVDMyVCM24lM0MlMkZwJTNFJTBBJTNDYnIlM0UlMEElM0NwJTIwc3R5bGUlM0QlMjJ0ZXh0LWRlY29yYXRpb24lM0ElMjBub25lJTNCJTIwdGV4dC1hbGlnbiUzQSUyMGNlbnRlciUzQiUyMiUyMCUzRSUzQ2ElMjBjbGFzcyUzRCUyMmJ0biUyMGJ0bi1saWdodCUyMGJ0bi1sZyUyMGJ0bi13YXBwJTIyJTIwc3R5bGUlM0QlMjJ0ZXh0LWRlY29yYXRpb24lM0ElMjBub25lJTNCJTIwdGV4dC1hbGlnbiUzQSUyMGNlbnRlciUzQiUyMiUyMGhyZWYlM0QlMjJodHRwcyUzQSUyRiUyRndhLmxpbmslMkZ0YWYlMjIlM0UlM0NzcGFuJTIwY2xhc3MlM0QlMjJ2Y19pY29uX2VsZW1lbnQtaWNvbiUyMGZhYiUyMGZhLXdoYXRzYXBwJTIwY29sb3ItcHJpbWFyeSUyMiUzRSUzQyUyRnNwYW4lM0UlMjBFU0NSJUMzJThEQkVOT1MlQzIlQTAlM0MlMkZhJTNFJTNDJTJGcCUzRSUwQSUwQSUwQSUzQyUyRmRpdiUzRSUwQSUzQyUyRmRpdiUzRSUwQSUzQyUyRmRpdiUzRQ==[\/vc_raw_html][vc_icon icon_fontawesome=\u00bbfab fa-whatsapp\u00bb color=\u00bbwhite\u00bb el_class=\u00bbd-none\u00bb][\/vc_column][\/vc_row]<\/p>\n","protected":false},"excerpt":{"rendered":"<p>[vc_row full_width=\u00bbstretch_row_content_no_spaces\u00bb el_class=\u00bbdnone-desktop-410&#8243;][vc_column][vc_single_image image=\u00bb596&#8243; img_size=\u00bbfull\u00bb][vc_single_image image=\u00bb189&#8243; img_size=\u00bbfull\u00bb el_class=\u00bbverreel reel\u00bb][\/vc_column][\/vc_row][vc_row full_width=\u00bbstretch_row_content_no_spaces\u00bb el_class=\u00bbdnone-410&#8243;][vc_column][\/vc_column][\/vc_row][vc_row][vc_column][vc_empty_space height=\u00bb70px\u00bb][vc_column_text] \u00bfPor qu\u00e9 estudiar Tecnolog\u00eda Superior en Asesor\u00eda Financiera? [\/vc_column_text][vc_empty_space height=\u00bb70px\u00bb][\/vc_column][\/vc_row][vc_row el_class=\u00bbd-none-mobile d-none-tablet\u00bb][vc_column width=\u00bb1\/5&#8243;][\/vc_column][vc_column width=\u00bb1\/5&#8243; el_class=\u00bbcol-icon\u00bb][vc_single_image image=\u00bb16&#8243; img_size=\u00bb60 x 80&#8243; alignment=\u00bbcenter\u00bb el_class=\u00bbsvg-img-w-60&#8243;][vc_column_text el_class=\u00bbalign-vert-text\u00bb] Es una carrera corta y gratuita [\/vc_column_text][vc_column_text] En solo dos a\u00f1os y medio podr\u00e1s obtener un t\u00edtulo de tercer nivel, lo &hellip;<\/p>\n<p class=\"read-more\"> <a class=\"\" href=\"https:\/\/taf.tecazuay.edu.ec\/\"> <span class=\"screen-reader-text\">Inicio<\/span> Leer m\u00e1s &raquo;<\/a><\/p>\n","protected":false},"author":1,"featured_media":0,"parent":0,"menu_order":0,"comment_status":"closed","ping_status":"closed","template":"","meta":{"site-sidebar-layout":"no-sidebar","site-content-layout":"page-builder","ast-main-header-display":"","ast-hfb-above-header-display":"","ast-hfb-below-header-display":"","ast-hfb-mobile-header-display":"","site-post-title":"disabled","ast-breadcrumbs-content":"disabled","ast-featured-img":"disabled","footer-sml-layout":"","theme-transparent-header-meta":"default","adv-header-id-meta":"","stick-header-meta":"","header-above-stick-meta":"","header-main-stick-meta":"","header-below-stick-meta":"","footnotes":""},"class_list":["post-5","page","type-page","status-publish","hentry"],"_links":{"self":[{"href":"https:\/\/taf.tecazuay.edu.ec\/index.php?rest_route=\/wp\/v2\/pages\/5","targetHints":{"allow":["GET"]}}],"collection":[{"href":"https:\/\/taf.tecazuay.edu.ec\/index.php?rest_route=\/wp\/v2\/pages"}],"about":[{"href":"https:\/\/taf.tecazuay.edu.ec\/index.php?rest_route=\/wp\/v2\/types\/page"}],"author":[{"embeddable":true,"href":"https:\/\/taf.tecazuay.edu.ec\/index.php?rest_route=\/wp\/v2\/users\/1"}],"replies":[{"embeddable":true,"href":"https:\/\/taf.tecazuay.edu.ec\/index.php?rest_route=%2Fwp%2Fv2%2Fcomments&post=5"}],"version-history":[{"count":88,"href":"https:\/\/taf.tecazuay.edu.ec\/index.php?rest_route=\/wp\/v2\/pages\/5\/revisions"}],"predecessor-version":[{"id":607,"href":"https:\/\/taf.tecazuay.edu.ec\/index.php?rest_route=\/wp\/v2\/pages\/5\/revisions\/607"}],"wp:attachment":[{"href":"https:\/\/taf.tecazuay.edu.ec\/index.php?rest_route=%2Fwp%2Fv2%2Fmedia&parent=5"}],"curies":[{"name":"wp","href":"https:\/\/api.w.org\/{rel}","templated":true}]}}