{"id":63,"date":"2022-04-07T14:35:58","date_gmt":"2022-04-07T19:35:58","guid":{"rendered":"http:\/\/taf.tecazuay.edu.ec\/?page_id=63"},"modified":"2022-06-16T15:46:28","modified_gmt":"2022-06-16T20:46:28","slug":"estructura-de-la-carrera","status":"publish","type":"page","link":"https:\/\/taf.tecazuay.edu.ec\/?page_id=63","title":{"rendered":"Estructura de la carrera"},"content":{"rendered":"<p>[vc_row css=\u00bb.vc_custom_1651251557890{background-image: url(https:\/\/taf.tecazuay.edu.ec\/wp-content\/uploads\/2022\/04\/CARRERA-ESTRUCTURA.jpg?id=495) !important;background-position: center !important;background-repeat: no-repeat !important;background-size: cover !important;}\u00bb el_class=\u00bbbg-inter-page d-none-mobile\u00bb][vc_column][vc_empty_space height=\u00bb600px\u00bb][\/vc_column][\/vc_row][vc_row css=\u00bb.vc_custom_1650491822908{background-position: center !important;background-repeat: no-repeat !important;background-size: cover !important;}\u00bb el_class=\u00bbbg-inter-page d-none-desktop\u00bb][vc_column][vc_raw_html]JTNDaW1nJTIwY2xhc3MlM0QlMjJhbGlnbm5vbmUlMjBzaXplLWZ1bGwlMjBwYXJhbGxheC1pbWclMjIlMjBzdHlsZSUzRCUyMndpZHRoJTNBJTIwMTAwJTI1JTNCJTIyJTIwc3JjJTNEJTIyaHR0cHMlM0ElMkYlMkZ0YWZmb3JtYWNpb25kdWFsLm9yZyUyRndwLWNvbnRlbnQlMkZ1cGxvYWRzJTJGMjAyMiUyRjA0JTJGQ0FSUkVSQS1FU1RSVUNUVVJBLmpwZyUyMiUyMCUyRiUzRQ==[\/vc_raw_html][\/vc_column][\/vc_row][vc_row el_class=\u00bbcontent-80&#8243;][vc_column][vc_empty_space height=\u00bb120px\u00bb el_class=\u00bbvc_empty_space-40&#8243;][vc_row_inner gap=\u00bb30&#8243;][vc_column_inner width=\u00bb1\/4&#8243;][vc_column_text]<\/p>\n<p class=\"font-bold p-44\" style=\"text-align: left; margin-bottom: 1em;\">La carrera<\/p>\n<ul class=\"arrow-right border-top\">\n<li><a href=\"https:\/\/taf.tecazuay.edu.ec\/?page_id=47\">Informaci\u00f3n general<\/a><\/li>\n<li><a class=\"color-light-grey font-bold p-26 active\" href=\"https:\/\/taf.tecazuay.edu.ec\/?page_id=63\">Estructura de la carrera<\/a><\/li>\n<li><a class=\"color-light-grey font-bold p-26 \" href=\"https:\/\/taf.tecazuay.edu.ec\/?page_id=65\">Horarios y malla curricular<\/a><\/li>\n<li><a class=\"color-light-grey font-bold p-26 \" href=\"https:\/\/taf.tecazuay.edu.ec\/?page_id=67\">Preguntas frecuentes<\/a><\/li>\n<\/ul>\n<p><a class=\"bg-dark-grey color-blank button-dark-grey\" href=\"https:\/\/taf.tecazuay.edu.ec\/wp-content\/uploads\/2022\/04\/TAF-2022.pdf\" download=\"\">Descargar prospecto<\/a>[\/vc_column_text][\/vc_column_inner][vc_column_inner width=\u00bb3\/4&#8243;][vc_column_text]<\/p>\n<p class=\"color-vine font-bold p-40\" style=\"text-align: left; margin-bottom: 0.8em;\">Estructura de carrera<\/p>\n<p style=\"text-align: left;\">Esta carrera dual tiene un 50% de formaci\u00f3n te\u00f3rica y un 50% de formaci\u00f3n pr\u00e1ctica en cada uno de los ciclos. Cada ciclo est\u00e1 conformado por 20 semanas, excepto el \u00faltimo que tendr\u00e1 8 semanas de fase pr\u00e1ctica y 6 semanas adicionales para realizar el trabajo de titulaci\u00f3n.<\/p>\n<p style=\"text-align: left; margin-bottom: 20px;\">Al ser una carrera con certificaci\u00f3n alemana, los estudiantes rendir\u00e1n un examen intermedio al finalizar el tercer ciclo y un examen final al terminar el quinto ciclo.<\/p>\n<p style=\"text-align: left; margin-bottom: 20px;\">Finalizada su formaci\u00f3n obtendr\u00e1n el t\u00edtulo de Tecn\u00f3logo\/a Superior en Asesor\u00eda Financiera y la certificaci\u00f3n alemana.<\/p>\n<p><img loading=\"lazy\" decoding=\"async\" class=\"aligncenter wp-image-461\" src=\"https:\/\/taf.tecazuay.edu.ec\/wp-content\/uploads\/2022\/04\/tabla-estructura-de-la-carrera-1024x563.png\" alt=\"\" width=\"800\" height=\"440\" srcset=\"https:\/\/taf.tecazuay.edu.ec\/wp-content\/uploads\/2022\/04\/tabla-estructura-de-la-carrera-1024x563.png 1024w, https:\/\/taf.tecazuay.edu.ec\/wp-content\/uploads\/2022\/04\/tabla-estructura-de-la-carrera-300x165.png 300w, https:\/\/taf.tecazuay.edu.ec\/wp-content\/uploads\/2022\/04\/tabla-estructura-de-la-carrera-768x422.png 768w, https:\/\/taf.tecazuay.edu.ec\/wp-content\/uploads\/2022\/04\/tabla-estructura-de-la-carrera.png 1240w\" sizes=\"auto, (max-width: 800px) 100vw, 800px\" \/>[\/vc_column_text][vc_column_text]<\/p>\n<p class=\"color-vine font-bold p-40\" style=\"text-align: left; margin-bottom: 0.8em;\">Perfil de ingreso<\/p>\n<p style=\"text-align: left;\">Para acceder a la carrera de Tecnolog\u00eda Superior en Asesor\u00eda Financiera se debe seguir el proceso de admisi\u00f3n a la educaci\u00f3n superior establecido por la SENESCYT.<\/p>\n<p style=\"text-align: left; margin-bottom: 20px;\">Los estudiantes de una carrera de formaci\u00f3n dual se incorporan desde el primer ciclo a una organizaci\u00f3n real. En este caso los estudiantes de la carrera de Tecnolog\u00eda Superior en Asesor\u00eda Financiera ser\u00e1n parte de la cultura organizacional de una instituci\u00f3n financiera y rotar\u00e1n por varias \u00e1reas operativas, en donde tendr\u00e1n contacto con socios o clientes.<\/p>\n<p style=\"text-align: left; margin-bottom: 20px;\">Para ingresar a la carrera se evaluar\u00e1n las siguientes competencias en un proceso complementario:<\/p>\n<ul class=\"arrow-right\">\n<li>100% de disponibilidad de tiempo para su formaci\u00f3n.<\/li>\n<li>Razonamiento l\u00f3gico.<\/li>\n<li>Razonamiento num\u00e9rico.<\/li>\n<li>Motivaci\u00f3n para el desempe\u00f1o profesional (Iniciativa, esfuerzo para adquirir conocimientos, esfuerzo profesional, competitividad, orientaci\u00f3n hacia las tareas).<\/li>\n<li>Integridad.<\/li>\n<li>Minuciosidad.<\/li>\n<li>Autoconfianza.<\/li>\n<li>Curiosidad.<\/li>\n<li>Competencias sociales.<\/li>\n<li>Orientaci\u00f3n al cliente.<\/li>\n<\/ul>\n<p class=\"color-vine font-bold p-26\">Importante: Es necesario que los futuros estudiantes dispongan del 100% de su tiempo, ya que es una carrera a tiempo completo.<\/p>\n<p>[\/vc_column_text][vc_empty_space height=\u00bb20px\u00bb][vc_column_text]<\/p>\n<div class=\"vc_row wpb_row vc_inner vc_row-fluid vc_column-gap-30 vc_row-o-equal-height vc_row-flex testimonio-taf\">\n<div class=\"wpb_column vc_column_container vc_col-sm-6 vc_col-has-fill\" style=\"background-size: cover; background-image: url('https:\/\/taf.tecazuay.edu.ec\/wp-content\/uploads\/2022\/04\/testimonio-la-carrera-2.jpg');\"><\/div>\n<div class=\"paddign-block wpb_column vc_column_container vc_col-sm-6 vc_col-has-fill bg-light-grey\">\n<div>\n<p>\u201cLa carrera de asesor\u00eda financiera nos abre muchas puertas para el futuro, y m\u00e1s que todo ir ganando experiencia. En mi caso mi experiencia es buena, por la formaci\u00f3n dual de trabajar y estudiar al mismo tiempo. Entonces, me parece muy buena.\u201d<\/p>\n<p><strong>Evelyn Yanki<\/strong><\/p>\n<p>Estudiante 2da cohorte<br \/>\nCB Cooperativa<\/p>\n<\/div>\n<\/div>\n<\/div>\n<p>[\/vc_column_text][\/vc_column_inner][\/vc_row_inner][\/vc_column][\/vc_row]<\/p>\n","protected":false},"excerpt":{"rendered":"<p>[vc_row css=\u00bb.vc_custom_1651251557890{background-image: url(https:\/\/taf.tecazuay.edu.ec\/wp-content\/uploads\/2022\/04\/CARRERA-ESTRUCTURA.jpg?id=495) !important;background-position: center !important;background-repeat: no-repeat !important;background-size: cover !important;}\u00bb el_class=\u00bbbg-inter-page d-none-mobile\u00bb][vc_column][vc_empty_space height=\u00bb600px\u00bb][\/vc_column][\/vc_row][vc_row css=\u00bb.vc_custom_1650491822908{background-position: center !important;background-repeat: no-repeat !important;background-size: cover !important;}\u00bb el_class=\u00bbbg-inter-page d-none-desktop\u00bb][vc_column][vc_raw_html]JTNDaW1nJTIwY2xhc3MlM0QlMjJhbGlnbm5vbmUlMjBzaXplLWZ1bGwlMjBwYXJhbGxheC1pbWclMjIlMjBzdHlsZSUzRCUyMndpZHRoJTNBJTIwMTAwJTI1JTNCJTIyJTIwc3JjJTNEJTIyaHR0cHMlM0ElMkYlMkZ0YWZmb3JtYWNpb25kdWFsLm9yZyUyRndwLWNvbnRlbnQlMkZ1cGxvYWRzJTJGMjAyMiUyRjA0JTJGQ0FSUkVSQS1FU1RSVUNUVVJBLmpwZyUyMiUyMCUyRiUzRQ==[\/vc_raw_html][\/vc_column][\/vc_row][vc_row el_class=\u00bbcontent-80&#8243;][vc_column][vc_empty_space height=\u00bb120px\u00bb el_class=\u00bbvc_empty_space-40&#8243;][vc_row_inner gap=\u00bb30&#8243;][vc_column_inner width=\u00bb1\/4&#8243;][vc_column_text] La carrera Informaci\u00f3n general Estructura de la carrera Horarios y malla curricular Preguntas frecuentes Descargar prospecto[\/vc_column_text][\/vc_column_inner][vc_column_inner width=\u00bb3\/4&#8243;][vc_column_text] Estructura de carrera Esta carrera dual tiene un 50% de formaci\u00f3n &hellip;<\/p>\n<p class=\"read-more\"> <a class=\"\" href=\"https:\/\/taf.tecazuay.edu.ec\/?page_id=63\"> <span class=\"screen-reader-text\">Estructura de la carrera<\/span> Leer m\u00e1s &raquo;<\/a><\/p>\n","protected":false},"author":1,"featured_media":0,"parent":0,"menu_order":0,"comment_status":"closed","ping_status":"closed","template":"","meta":{"site-sidebar-layout":"no-sidebar","site-content-layout":"page-builder","ast-main-header-display":"","ast-hfb-above-header-display":"","ast-hfb-below-header-display":"","ast-hfb-mobile-header-display":"","site-post-title":"disabled","ast-breadcrumbs-content":"disabled","ast-featured-img":"disabled","footer-sml-layout":"","theme-transparent-header-meta":"default","adv-header-id-meta":"","stick-header-meta":"","header-above-stick-meta":"","header-main-stick-meta":"","header-below-stick-meta":"","footnotes":""},"class_list":["post-63","page","type-page","status-publish","hentry"],"_links":{"self":[{"href":"https:\/\/taf.tecazuay.edu.ec\/index.php?rest_route=\/wp\/v2\/pages\/63","targetHints":{"allow":["GET"]}}],"collection":[{"href":"https:\/\/taf.tecazuay.edu.ec\/index.php?rest_route=\/wp\/v2\/pages"}],"about":[{"href":"https:\/\/taf.tecazuay.edu.ec\/index.php?rest_route=\/wp\/v2\/types\/page"}],"author":[{"embeddable":true,"href":"https:\/\/taf.tecazuay.edu.ec\/index.php?rest_route=\/wp\/v2\/users\/1"}],"replies":[{"embeddable":true,"href":"https:\/\/taf.tecazuay.edu.ec\/index.php?rest_route=%2Fwp%2Fv2%2Fcomments&post=63"}],"version-history":[{"count":34,"href":"https:\/\/taf.tecazuay.edu.ec\/index.php?rest_route=\/wp\/v2\/pages\/63\/revisions"}],"predecessor-version":[{"id":622,"href":"https:\/\/taf.tecazuay.edu.ec\/index.php?rest_route=\/wp\/v2\/pages\/63\/revisions\/622"}],"wp:attachment":[{"href":"https:\/\/taf.tecazuay.edu.ec\/index.php?rest_route=%2Fwp%2Fv2%2Fmedia&parent=63"}],"curies":[{"name":"wp","href":"https:\/\/api.w.org\/{rel}","templated":true}]}}