{"id":65,"date":"2022-04-07T14:36:15","date_gmt":"2022-04-07T19:36:15","guid":{"rendered":"http:\/\/taf.tecazuay.edu.ec\/?page_id=65"},"modified":"2022-06-16T14:56:34","modified_gmt":"2022-06-16T19:56:34","slug":"horarios-y-malla-curricular","status":"publish","type":"page","link":"https:\/\/taf.tecazuay.edu.ec\/?page_id=65","title":{"rendered":"Horarios y malla curricular"},"content":{"rendered":"<p>[vc_row full_width=\u00bbstretch_row_content_no_spaces\u00bb css=\u00bb.vc_custom_1651251667778{background-image: url(https:\/\/taf.tecazuay.edu.ec\/wp-content\/uploads\/2022\/04\/CARRERA-HORARIOS.jpg?id=497) !important;background-position: center !important;background-repeat: no-repeat !important;background-size: cover !important;}\u00bb el_class=\u00bbbg-inter-page d-none-mobile\u00bb][vc_column][vc_empty_space height=\u00bb600px\u00bb][\/vc_column][\/vc_row][vc_row full_width=\u00bbstretch_row_content_no_spaces\u00bb css=\u00bb.vc_custom_1650492157669{background-position: center !important;background-repeat: no-repeat !important;background-size: cover !important;}\u00bb el_class=\u00bbbg-inter-page d-none-desktop\u00bb][vc_column][vc_raw_html]JTNDaW1nJTIwY2xhc3MlM0QlMjJhbGlnbm5vbmUlMjBzaXplLWZ1bGwlMjBwYXJhbGxheC1pbWclMjIlMjBzdHlsZSUzRCUyMndpZHRoJTNBJTIwMTAwJTI1JTNCJTIyJTIwc3JjJTNEJTIyaHR0cHMlM0ElMkYlMkZ0YWZmb3JtYWNpb25kdWFsLm9yZyUyRndwLWNvbnRlbnQlMkZ1cGxvYWRzJTJGMjAyMiUyRjA0JTJGQ0FSUkVSQS1IT1JBUklPUy5qcGclMjIlMjAlMkYlM0U=[\/vc_raw_html][\/vc_column][\/vc_row][vc_row el_class=\u00bbcontent-80&#8243;][vc_column][vc_empty_space height=\u00bb120px\u00bb el_class=\u00bbvc_empty_space-40&#8243;][vc_row_inner gap=\u00bb30&#8243;][vc_column_inner width=\u00bb1\/4&#8243;][vc_column_text]<\/p>\n<p class=\"font-bold p-44\" style=\"text-align: left; margin-bottom: 1em;\">La carrera<\/p>\n<ul class=\"arrow-right border-top\">\n<li><a class=\"color-light-grey font-bold p-26\" href=\"https:\/\/taf.tecazuay.edu.ec\/?page_id=47\">Informaci\u00f3n general<\/a><\/li>\n<li><a class=\"color-light-grey font-bold p-26 \" href=\"https:\/\/taf.tecazuay.edu.ec\/?page_id=63\">Estructura de la carrera<\/a><\/li>\n<li><a class=\"color-light-grey font-bold p-26 active\" href=\"https:\/\/taf.tecazuay.edu.ec\/horarios-y-malla-curricular\/\">Horarios y malla curricular<\/a><\/li>\n<li><a class=\"color-light-grey font-bold p-26 \" href=\"https:\/\/taf.tecazuay.edu.ec\/?page_id=67\">Preguntas frecuentes<\/a><\/li>\n<\/ul>\n<p><a class=\"bg-dark-grey color-blank button-dark-grey\" href=\"https:\/\/taf.tecazuay.edu.ec\/wp-content\/uploads\/2022\/04\/TAF-2022.pdf\" download=\"\">Descargar prospecto<\/a>[\/vc_column_text][\/vc_column_inner][vc_column_inner width=\u00bb3\/4&#8243;][vc_column_text]<\/p>\n<p class=\"color-vine font-bold p-40\" style=\"text-align: left; margin-bottom: 0.8em;\">Horarios<\/p>\n<p><img loading=\"lazy\" decoding=\"async\" class=\"aligncenter wp-image-463\" src=\"https:\/\/taf.tecazuay.edu.ec\/wp-content\/uploads\/2022\/04\/horario-de-la-carrera-300x243.png\" alt=\"\" width=\"600\" height=\"486\" srcset=\"https:\/\/taf.tecazuay.edu.ec\/wp-content\/uploads\/2022\/04\/horario-de-la-carrera-300x243.png 300w, https:\/\/taf.tecazuay.edu.ec\/wp-content\/uploads\/2022\/04\/horario-de-la-carrera-1024x830.png 1024w, https:\/\/taf.tecazuay.edu.ec\/wp-content\/uploads\/2022\/04\/horario-de-la-carrera-768x622.png 768w, https:\/\/taf.tecazuay.edu.ec\/wp-content\/uploads\/2022\/04\/horario-de-la-carrera.png 1239w\" sizes=\"auto, (max-width: 600px) 100vw, 600px\" \/><\/p>\n<div>\n<p style=\"text-align: left; margin-bottom: 20px;\">* Los estudiantes de carreras a nivel tecnol\u00f3gico deben alcanzar el nivel de Ingl\u00e9s A2 (Marco Com\u00fan Europeo de Referencia). El horario depende del nivel de Ingl\u00e9s que tome. Puede dar el examen de suficiencia o de ubicaci\u00f3n. No existe un horario fijo.<\/p>\n<p style=\"text-align: left; margin-bottom: 20px;\">** Los estudiantes deben cumplir 160 horas de vinculaci\u00f3n con la sociedad.<\/p>\n<p style=\"text-align: left; margin-bottom: 0.8em;\">*** Los horarios son referenciales, el estudiante debe acogerse al horario de la instituci\u00f3n financiera formadora y del Instituto Superior Tecnol\u00f3gico del Azuay.<\/p>\n<\/div>\n<p>[\/vc_column_text][vc_column_text]<\/p>\n<p class=\"color-vine font-bold p-40\" style=\"text-align: left; margin-bottom: 0.8em;\">Malla Curricular<\/p>\n<p><img loading=\"lazy\" decoding=\"async\" class=\"aligncenter wp-image-466 size-large\" style=\"width: 80%;\" src=\"https:\/\/taf.tecazuay.edu.ec\/wp-content\/uploads\/2022\/04\/malla-curricular-de-la-carrrera-1-824x1024.png\" alt=\"\" width=\"824\" height=\"1024\" srcset=\"https:\/\/taf.tecazuay.edu.ec\/wp-content\/uploads\/2022\/04\/malla-curricular-de-la-carrrera-1-824x1024.png 824w, https:\/\/taf.tecazuay.edu.ec\/wp-content\/uploads\/2022\/04\/malla-curricular-de-la-carrrera-1-241x300.png 241w, https:\/\/taf.tecazuay.edu.ec\/wp-content\/uploads\/2022\/04\/malla-curricular-de-la-carrrera-1-768x955.png 768w, https:\/\/taf.tecazuay.edu.ec\/wp-content\/uploads\/2022\/04\/malla-curricular-de-la-carrrera-1-1236x1536.png 1236w, https:\/\/taf.tecazuay.edu.ec\/wp-content\/uploads\/2022\/04\/malla-curricular-de-la-carrrera-1.png 1288w\" sizes=\"auto, (max-width: 824px) 100vw, 824px\" \/>[\/vc_column_text][vc_empty_space height=\u00bb60px\u00bb][vc_column_text]<\/p>\n<div class=\"vc_row wpb_row vc_inner vc_row-fluid vc_column-gap-30 vc_row-o-equal-height vc_row-flex testimonio-taf\">\n<div class=\"wpb_column vc_column_container vc_col-sm-6 vc_col-has-fill\" style=\"background-size: cover; background-image: url('https:\/\/taf.tecazuay.edu.ec\/wp-content\/uploads\/2022\/04\/testimonio-la-carrera-3.jpg');\"><\/div>\n<div class=\"paddign-block wpb_column vc_column_container vc_col-sm-6 vc_col-has-fill bg-light-grey\">\n<div>\n<p>\u201cEsta carrera nos abri\u00f3 muchas puertas. Nos permite laborar, nos permite crear experiencia porque muchos estudiantes tienen este inconveniente que al graduarse no consiguen trabajo Entonces, esta carrera es todo lo contrario.\u201d<\/p>\n<p><strong>Jenny Gonz\u00e1lez<\/strong><\/p>\n<p>Graduada 1era cohorte<br \/>\nCooperativa de Ahorro y Cr\u00e9dito CREA<\/p>\n<p>&nbsp;<\/p>\n<\/div>\n<\/div>\n<\/div>\n<p>[\/vc_column_text][\/vc_column_inner][\/vc_row_inner][\/vc_column][\/vc_row]<\/p>\n","protected":false},"excerpt":{"rendered":"<p>[vc_row full_width=\u00bbstretch_row_content_no_spaces\u00bb css=\u00bb.vc_custom_1651251667778{background-image: url(https:\/\/taf.tecazuay.edu.ec\/wp-content\/uploads\/2022\/04\/CARRERA-HORARIOS.jpg?id=497) !important;background-position: center !important;background-repeat: no-repeat !important;background-size: cover !important;}\u00bb el_class=\u00bbbg-inter-page d-none-mobile\u00bb][vc_column][vc_empty_space height=\u00bb600px\u00bb][\/vc_column][\/vc_row][vc_row full_width=\u00bbstretch_row_content_no_spaces\u00bb css=\u00bb.vc_custom_1650492157669{background-position: center !important;background-repeat: no-repeat !important;background-size: cover !important;}\u00bb el_class=\u00bbbg-inter-page d-none-desktop\u00bb][vc_column][vc_raw_html]JTNDaW1nJTIwY2xhc3MlM0QlMjJhbGlnbm5vbmUlMjBzaXplLWZ1bGwlMjBwYXJhbGxheC1pbWclMjIlMjBzdHlsZSUzRCUyMndpZHRoJTNBJTIwMTAwJTI1JTNCJTIyJTIwc3JjJTNEJTIyaHR0cHMlM0ElMkYlMkZ0YWZmb3JtYWNpb25kdWFsLm9yZyUyRndwLWNvbnRlbnQlMkZ1cGxvYWRzJTJGMjAyMiUyRjA0JTJGQ0FSUkVSQS1IT1JBUklPUy5qcGclMjIlMjAlMkYlM0U=[\/vc_raw_html][\/vc_column][\/vc_row][vc_row el_class=\u00bbcontent-80&#8243;][vc_column][vc_empty_space height=\u00bb120px\u00bb el_class=\u00bbvc_empty_space-40&#8243;][vc_row_inner gap=\u00bb30&#8243;][vc_column_inner width=\u00bb1\/4&#8243;][vc_column_text] La carrera Informaci\u00f3n general Estructura de la carrera Horarios y malla curricular Preguntas frecuentes Descargar prospecto[\/vc_column_text][\/vc_column_inner][vc_column_inner width=\u00bb3\/4&#8243;][vc_column_text] Horarios * Los estudiantes de carreras a nivel tecnol\u00f3gico &hellip;<\/p>\n<p class=\"read-more\"> <a class=\"\" href=\"https:\/\/taf.tecazuay.edu.ec\/?page_id=65\"> <span class=\"screen-reader-text\">Horarios y malla curricular<\/span> Leer m\u00e1s &raquo;<\/a><\/p>\n","protected":false},"author":1,"featured_media":0,"parent":0,"menu_order":0,"comment_status":"closed","ping_status":"closed","template":"","meta":{"site-sidebar-layout":"no-sidebar","site-content-layout":"page-builder","ast-main-header-display":"","ast-hfb-above-header-display":"","ast-hfb-below-header-display":"","ast-hfb-mobile-header-display":"","site-post-title":"disabled","ast-breadcrumbs-content":"disabled","ast-featured-img":"","footer-sml-layout":"","theme-transparent-header-meta":"default","adv-header-id-meta":"","stick-header-meta":"","header-above-stick-meta":"","header-main-stick-meta":"","header-below-stick-meta":"","footnotes":""},"class_list":["post-65","page","type-page","status-publish","hentry"],"_links":{"self":[{"href":"https:\/\/taf.tecazuay.edu.ec\/index.php?rest_route=\/wp\/v2\/pages\/65","targetHints":{"allow":["GET"]}}],"collection":[{"href":"https:\/\/taf.tecazuay.edu.ec\/index.php?rest_route=\/wp\/v2\/pages"}],"about":[{"href":"https:\/\/taf.tecazuay.edu.ec\/index.php?rest_route=\/wp\/v2\/types\/page"}],"author":[{"embeddable":true,"href":"https:\/\/taf.tecazuay.edu.ec\/index.php?rest_route=\/wp\/v2\/users\/1"}],"replies":[{"embeddable":true,"href":"https:\/\/taf.tecazuay.edu.ec\/index.php?rest_route=%2Fwp%2Fv2%2Fcomments&post=65"}],"version-history":[{"count":27,"href":"https:\/\/taf.tecazuay.edu.ec\/index.php?rest_route=\/wp\/v2\/pages\/65\/revisions"}],"predecessor-version":[{"id":620,"href":"https:\/\/taf.tecazuay.edu.ec\/index.php?rest_route=\/wp\/v2\/pages\/65\/revisions\/620"}],"wp:attachment":[{"href":"https:\/\/taf.tecazuay.edu.ec\/index.php?rest_route=%2Fwp%2Fv2%2Fmedia&parent=65"}],"curies":[{"name":"wp","href":"https:\/\/api.w.org\/{rel}","templated":true}]}}