{"id":67,"date":"2022-04-07T14:36:33","date_gmt":"2022-04-07T19:36:33","guid":{"rendered":"http:\/\/taf.tecazuay.edu.ec\/?page_id=67"},"modified":"2022-06-16T15:45:01","modified_gmt":"2022-06-16T20:45:01","slug":"preguntas-frecuentes","status":"publish","type":"page","link":"https:\/\/taf.tecazuay.edu.ec\/?page_id=67","title":{"rendered":"Preguntas frecuentes"},"content":{"rendered":"<p>[vc_row full_width=\u00bbstretch_row_content_no_spaces\u00bb css=\u00bb.vc_custom_1651251742743{background-image: url(https:\/\/taf.tecazuay.edu.ec\/wp-content\/uploads\/2022\/04\/CARRERA-PREGUNTAS.jpg?id=499) !important;background-position: center !important;background-repeat: no-repeat !important;background-size: cover !important;}\u00bb el_class=\u00bbbg-inter-page d-none-mobile\u00bb][vc_column][vc_empty_space height=\u00bb600px\u00bb][\/vc_column][\/vc_row][vc_row full_width=\u00bbstretch_row_content_no_spaces\u00bb css=\u00bb.vc_custom_1650492386416{background-position: center !important;background-repeat: no-repeat !important;background-size: cover !important;}\u00bb el_class=\u00bbbg-inter-page d-none-desktop\u00bb][vc_column][vc_raw_html]JTNDaW1nJTIwY2xhc3MlM0QlMjJhbGlnbm5vbmUlMjBzaXplLWZ1bGwlMjBwYXJhbGxheC1pbWclMjIlMjBzdHlsZSUzRCUyMndpZHRoJTNBJTIwMTAwJTI1JTNCJTIyJTIwc3JjJTNEJTIyaHR0cHMlM0ElMkYlMkZ0YWZmb3JtYWNpb25kdWFsLm9yZyUyRndwLWNvbnRlbnQlMkZ1cGxvYWRzJTJGMjAyMiUyRjA0JTJGQ0FSUkVSQS1QUkVHVU5UQVMuanBnJTIyJTIwJTJGJTNF[\/vc_raw_html][\/vc_column][\/vc_row][vc_row el_class=\u00bbcontent-80&#8243;][vc_column][vc_empty_space height=\u00bb120px\u00bb el_class=\u00bbvc_empty_space-40&#8243;][vc_row_inner gap=\u00bb30&#8243;][vc_column_inner width=\u00bb1\/4&#8243;][vc_column_text]<\/p>\n<p class=\"font-bold p-44\" style=\"text-align: left; margin-bottom: 1em;\">La carrera<\/p>\n<ul class=\"arrow-right border-top\">\n<li><a class=\"color-light-grey font-bold p-26\" href=\"https:\/\/taf.tecazuay.edu.ec\/?page_id=47\">Informaci\u00f3n general<\/a><\/li>\n<li><a class=\"color-light-grey font-bold p-26 \" href=\"https:\/\/taf.tecazuay.edu.ec\/?page_id=63\">Estructura de la carrera<\/a><\/li>\n<li><a class=\"color-light-grey font-bold p-26 \" href=\"https:\/\/taf.tecazuay.edu.ec\/?page_id=65\">Horarios y malla curricular<\/a><\/li>\n<li><a class=\"color-light-grey font-bold p-26 active\" href=\"https:\/\/taf.tecazuay.edu.ec\/?page_id=67\">Preguntas frecuentes<\/a><\/li>\n<\/ul>\n<p><a class=\"bg-dark-grey color-blank button-dark-grey\" href=\"https:\/\/taf.tecazuay.edu.ec\/wp-content\/uploads\/2022\/04\/TAF-2022.pdf\" download=\"\">Descargar prospecto<\/a>[\/vc_column_text][\/vc_column_inner][vc_column_inner width=\u00bb3\/4&#8243;][vc_column_text]<\/p>\n<p class=\"color-vine font-bold p-40\" style=\"text-align: left; margin-bottom: 0.8em;\">Preguntas frecuentes<\/p>\n<p><strong>\u00bfCu\u00e1nto tiempo dura esta carrera?<\/strong><\/p>\n<p>Dos a\u00f1os y medio, cinco ciclos.<\/p>\n<p><strong>\u00bfCu\u00e1l es el campo ocupacional para esta carrera?<\/strong><\/p>\n<ul class=\"arrow-right\">\n<li>Asesor Financiero,<\/li>\n<li>Ejecutivo de captaci\u00f3n y colocaci\u00f3n,<\/li>\n<li>Ejecutivo de negocios,<\/li>\n<li>Ejecutivo de cr\u00e9ditos PYMES,<\/li>\n<li>Responsable de operaciones, entre otros.<\/li>\n<\/ul>\n<p><strong>\u00bfQu\u00e9 competencias requiero para cursar esta carrera?<\/strong><\/p>\n<ul class=\"arrow-right\">\n<li>100% de disponibilidad de tiempo para su formaci\u00f3n.<\/li>\n<li>Razonamiento l\u00f3gico.<\/li>\n<li>Razonamiento num\u00e9rico.<\/li>\n<li>Motivaci\u00f3n para el desempe\u00f1o profesional (Iniciativa, esfuerzo para adquirir conocimientos, esfuerzo profesional, competitividad, orientaci\u00f3n hacia las tareas).<\/li>\n<li>Integridad.<\/li>\n<li>Minuciosidad.<\/li>\n<li>Autoconfianza.<\/li>\n<li>Curiosidad.<\/li>\n<li>Competencias sociales.<\/li>\n<li>Orientaci\u00f3n al cliente.<\/li>\n<\/ul>\n<p><strong>\u00bfCu\u00e1l es el t\u00edtulo que obtendr\u00e9?<\/strong><\/p>\n<ul class=\"arrow-right\">\n<li>Obtendr\u00e1s un t\u00edtulo de Tecn\u00f3logo en Asesor\u00eda Financiera, de nivel superior.<\/li>\n<li>Un certificado internacional alem\u00e1n que garantiza que has cumplido con los est\u00e1ndares de calidad de la formaci\u00f3n dual.<\/li>\n<\/ul>\n<p><strong>\u00bfQu\u00e9 es la formaci\u00f3n dual?<\/strong><\/p>\n<p>Es un sistema alem\u00e1n de educaci\u00f3n que consiste en la formaci\u00f3n profesional del estudiante en dos lugares de aprendizaje: 50% formaci\u00f3n te\u00f3rica y un 50% formaci\u00f3n pr\u00e1ctica en una instituci\u00f3n financiera formadora (Bancos, Cooperativas y Mutualistas).<\/p>\n<p><strong>\u00bfDurante la fase pr\u00e1ctica ser\u00e9 remunerado por la instituci\u00f3n financiera formadora?<\/strong><\/p>\n<p>La compensaci\u00f3n depender\u00e1 de la entidad receptora formadora.<\/p>\n<p><strong>\u00bfLuego de mis estudios ser\u00e9 contratado por la instituci\u00f3n financiera formadora? <\/strong><\/p>\n<p>Seg\u00fan tu desempe\u00f1o en la formaci\u00f3n, tendr\u00e1s la posibilidad de ser contratado por tu instituci\u00f3n financiera formadora. Hasta ahora el 93% de los graduados han sido contratados.[\/vc_column_text][vc_empty_space height=\u00bb20px\u00bb][vc_column_text]<\/p>\n<div class=\"vc_row wpb_row vc_inner vc_row-fluid vc_column-gap-30 vc_row-o-equal-height vc_row-flex testimonio-taf\">\n<div class=\"wpb_column vc_column_container vc_col-sm-6 vc_col-has-fill\" style=\"background-size: cover; background-image: url('https:\/\/taf.tecazuay.edu.ec\/wp-content\/uploads\/2022\/04\/testimonio-la-carrera-4.jpg');\"><\/div>\n<div class=\"paddign-block wpb_column vc_column_container vc_col-sm-6 vc_col-has-fill bg-light-grey\">\n<div>\n<p>\u201cLa gran ventaja es que se van quedando en las instituciones a trabajar. Tal es el caso en nuestra instituci\u00f3n La persona que hizo este tipo de formaci\u00f3n ya est\u00e1 trabajando.\u201d<\/p>\n<p><strong>Patricio Barzallo<\/strong><\/p>\n<p>Gerente general<br \/>\nCooperativa de Ahorro y Cr\u00e9dito CREA<\/p>\n<\/div>\n<\/div>\n<\/div>\n<p>[\/vc_column_text][\/vc_column_inner][\/vc_row_inner][\/vc_column][\/vc_row]<\/p>\n","protected":false},"excerpt":{"rendered":"<p>[vc_row full_width=\u00bbstretch_row_content_no_spaces\u00bb css=\u00bb.vc_custom_1651251742743{background-image: url(https:\/\/taf.tecazuay.edu.ec\/wp-content\/uploads\/2022\/04\/CARRERA-PREGUNTAS.jpg?id=499) !important;background-position: center !important;background-repeat: no-repeat !important;background-size: cover !important;}\u00bb el_class=\u00bbbg-inter-page d-none-mobile\u00bb][vc_column][vc_empty_space height=\u00bb600px\u00bb][\/vc_column][\/vc_row][vc_row full_width=\u00bbstretch_row_content_no_spaces\u00bb css=\u00bb.vc_custom_1650492386416{background-position: center !important;background-repeat: no-repeat !important;background-size: cover !important;}\u00bb el_class=\u00bbbg-inter-page d-none-desktop\u00bb][vc_column][vc_raw_html]JTNDaW1nJTIwY2xhc3MlM0QlMjJhbGlnbm5vbmUlMjBzaXplLWZ1bGwlMjBwYXJhbGxheC1pbWclMjIlMjBzdHlsZSUzRCUyMndpZHRoJTNBJTIwMTAwJTI1JTNCJTIyJTIwc3JjJTNEJTIyaHR0cHMlM0ElMkYlMkZ0YWZmb3JtYWNpb25kdWFsLm9yZyUyRndwLWNvbnRlbnQlMkZ1cGxvYWRzJTJGMjAyMiUyRjA0JTJGQ0FSUkVSQS1QUkVHVU5UQVMuanBnJTIyJTIwJTJGJTNF[\/vc_raw_html][\/vc_column][\/vc_row][vc_row el_class=\u00bbcontent-80&#8243;][vc_column][vc_empty_space height=\u00bb120px\u00bb el_class=\u00bbvc_empty_space-40&#8243;][vc_row_inner gap=\u00bb30&#8243;][vc_column_inner width=\u00bb1\/4&#8243;][vc_column_text] La carrera Informaci\u00f3n general Estructura de la carrera Horarios y malla curricular Preguntas frecuentes Descargar prospecto[\/vc_column_text][\/vc_column_inner][vc_column_inner width=\u00bb3\/4&#8243;][vc_column_text] Preguntas frecuentes \u00bfCu\u00e1nto tiempo dura esta carrera? Dos a\u00f1os &hellip;<\/p>\n<p class=\"read-more\"> <a class=\"\" href=\"https:\/\/taf.tecazuay.edu.ec\/?page_id=67\"> <span class=\"screen-reader-text\">Preguntas frecuentes<\/span> Leer m\u00e1s &raquo;<\/a><\/p>\n","protected":false},"author":1,"featured_media":0,"parent":0,"menu_order":0,"comment_status":"closed","ping_status":"closed","template":"","meta":{"site-sidebar-layout":"no-sidebar","site-content-layout":"page-builder","ast-main-header-display":"","ast-hfb-above-header-display":"","ast-hfb-below-header-display":"","ast-hfb-mobile-header-display":"","site-post-title":"disabled","ast-breadcrumbs-content":"disabled","ast-featured-img":"disabled","footer-sml-layout":"","theme-transparent-header-meta":"default","adv-header-id-meta":"","stick-header-meta":"","header-above-stick-meta":"","header-main-stick-meta":"","header-below-stick-meta":"","footnotes":""},"class_list":["post-67","page","type-page","status-publish","hentry"],"_links":{"self":[{"href":"https:\/\/taf.tecazuay.edu.ec\/index.php?rest_route=\/wp\/v2\/pages\/67","targetHints":{"allow":["GET"]}}],"collection":[{"href":"https:\/\/taf.tecazuay.edu.ec\/index.php?rest_route=\/wp\/v2\/pages"}],"about":[{"href":"https:\/\/taf.tecazuay.edu.ec\/index.php?rest_route=\/wp\/v2\/types\/page"}],"author":[{"embeddable":true,"href":"https:\/\/taf.tecazuay.edu.ec\/index.php?rest_route=\/wp\/v2\/users\/1"}],"replies":[{"embeddable":true,"href":"https:\/\/taf.tecazuay.edu.ec\/index.php?rest_route=%2Fwp%2Fv2%2Fcomments&post=67"}],"version-history":[{"count":29,"href":"https:\/\/taf.tecazuay.edu.ec\/index.php?rest_route=\/wp\/v2\/pages\/67\/revisions"}],"predecessor-version":[{"id":621,"href":"https:\/\/taf.tecazuay.edu.ec\/index.php?rest_route=\/wp\/v2\/pages\/67\/revisions\/621"}],"wp:attachment":[{"href":"https:\/\/taf.tecazuay.edu.ec\/index.php?rest_route=%2Fwp%2Fv2%2Fmedia&parent=67"}],"curies":[{"name":"wp","href":"https:\/\/api.w.org\/{rel}","templated":true}]}}